{"id":30909,"date":"2025-09-04T16:40:31","date_gmt":"2025-09-04T14:40:31","guid":{"rendered":"https:\/\/acunyon.ch\/?page_id=30909"},"modified":"2025-09-04T16:59:01","modified_gmt":"2025-09-04T14:59:01","slug":"bon_a_savoir","status":"publish","type":"page","link":"https:\/\/acunyon.ch\/en\/infospratique\/bon_a_savoir\/","title":{"rendered":"GOOD TO KNOW"},"content":{"rendered":"<p>[et_pb_section fb_built=\u00a0\u00bb1&Prime; _builder_version=\u00a0\u00bb4.27.4&Prime; _module_preset=\u00a0\u00bbdefault\u00a0\u00bb da_disable_devices=\u00a0\u00bboff|off|off\u00a0\u00bb global_colors_info=\u00a0\u00bb{}\u00a0\u00bb da_is_popup=\u00a0\u00bboff\u00a0\u00bb da_exit_intent=\u00a0\u00bboff\u00a0\u00bb da_has_close=\u00a0\u00bbon\u00a0\u00bb da_alt_close=\u00a0\u00bboff\u00a0\u00bb da_dark_close=\u00a0\u00bboff\u00a0\u00bb da_not_modal=\u00a0\u00bbon\u00a0\u00bb da_is_singular=\u00a0\u00bboff\u00a0\u00bb da_with_loader=\u00a0\u00bboff\u00a0\u00bb da_has_shadow=\u00a0\u00bbon\u00a0\u00bb][et_pb_row _builder_version=\u00a0\u00bb4.27.4&Prime; _module_preset=\u00a0\u00bbdefault\u00a0\u00bb hover_enabled=\u00a0\u00bb0&Prime; global_colors_info=\u00a0\u00bb{}\u00a0\u00bb sticky_enabled=\u00a0\u00bb0&Prime;][et_pb_column type=\u00a0\u00bb4_4&Prime; _builder_version=\u00a0\u00bb4.27.4&Prime; _module_preset=\u00a0\u00bbdefault\u00a0\u00bb global_colors_info=\u00a0\u00bb{}\u00a0\u00bb][et_pb_post_title _builder_version=\u00a0\u00bb4.27.4&Prime; _module_preset=\u00a0\u00bbdefault\u00a0\u00bb meta=\u00a0\u00bboff\u00a0\u00bb featured_image=\u00a0\u00bboff\u00a0\u00bb title_text_color=\u00a0\u00bb#A07E55&Prime; title_text_align=\u00a0\u00bbcenter\u00a0\u00bb hover_enabled=\u00a0\u00bb0&Prime; sticky_enabled=\u00a0\u00bb0&Prime;][\/et_pb_post_title][\/et_pb_column][\/et_pb_row][et_pb_row column_structure=\u00a0\u00bb3_5,2_5&Prime; _builder_version=\u00a0\u00bb4.27.4&Prime; _module_preset=\u00a0\u00bbdefault\u00a0\u00bb global_colors_info=\u00a0\u00bb{}\u00a0\u00bb][et_pb_column type=\u00a0\u00bb3_5&Prime; _builder_version=\u00a0\u00bb4.27.4&Prime; _module_preset=\u00a0\u00bbdefault\u00a0\u00bb global_colors_info=\u00a0\u00bb{}\u00a0\u00bb][et_pb_text _builder_version=\u00a0\u00bb4.27.4&Prime; _module_preset=\u00a0\u00bbdefault\u00a0\u00bb hover_enabled=\u00a0\u00bb0&Prime; global_colors_info=\u00a0\u00bb{}\u00a0\u00bb text_text_color=\u00a0\u00bb#827663&Prime; header_text_color=\u00a0\u00bb#352B21&Prime; text_font=\u00a0\u00bb||||||||\u00a0\u00bb sticky_enabled=\u00a0\u00bb0&Prime;]<\/p>\n<h3><strong>How a session works<\/strong><\/h3>\n<p>An acupuncture session always begins with an in-depth consultation to understand your medical history, lifestyle, and current symptoms. This discussion allows us to establish a personalized energy diagnosis.<br data-start=\"447\" data-end=\"450\" \/>The practitioner then examines the patient's pulse and tongue and performs certain palpations to refine their analysis. Once this energy assessment has been completed, fine, sterile, single-use needles are inserted into specific points on the body with the aim of restoring energy balance (Qi). The insertion of the needles is generally painless; a sensation of warmth, tingling, or lightness may sometimes be felt. The session takes place in a calm setting and lasts between 45 and 60 minutes on average.<\/p>\n<p>[\/et_pb_text][et_pb_text _builder_version=\u00a0\u00bb4.27.4&Prime; _module_preset=\u00a0\u00bbdefault\u00a0\u00bb hover_enabled=\u00a0\u00bb0&Prime; global_colors_info=\u00a0\u00bb{}\u00a0\u00bb text_text_color=\u00a0\u00bb#827663&Prime; sticky_enabled=\u00a0\u00bb0&Prime;]<\/p>\n<h3 data-start=\"953\" data-end=\"991\"><strong>Best practices prior to the session<\/strong><\/h3>\n<ul data-start=\"992\" data-end=\"1281\">\n<li data-start=\"992\" data-end=\"1092\">\n<p data-start=\"994\" data-end=\"1092\">Have a light meal before your appointment (avoid coming on an empty stomach or after a heavy meal).<\/p>\n<\/li>\n<li data-start=\"1093\" data-end=\"1181\">\n<p data-start=\"1095\" data-end=\"1181\">Wear comfortable clothing that allows easy access to your arms and legs.<\/p>\n<\/li>\n<li data-start=\"1182\" data-end=\"1281\">\n<p data-start=\"1184\" data-end=\"1281\">Allow for some quiet time after the session to fully benefit from the effects of the treatment.<\/p>\n<\/li>\n<\/ul>\n<p>[\/et_pb_text][et_pb_text _builder_version=\u00a0\u00bb4.27.4&Prime; _module_preset=\u00a0\u00bbdefault\u00a0\u00bb hover_enabled=\u00a0\u00bb0&Prime; global_colors_info=\u00a0\u00bb{}\u00a0\u00bb text_text_color=\u00a0\u00bb#827663&Prime; sticky_enabled=\u00a0\u00bb0&Prime;]<\/p>\n<h3 data-start=\"1192\" data-end=\"1230\"><strong>Some precautions to be aware of<\/strong><\/h3>\n<ul data-start=\"1231\" data-end=\"1719\">\n<li data-start=\"1231\" data-end=\"1376\">\n<p data-start=\"1233\" data-end=\"1376\">Inform the practitioner of any ongoing medical treatments, as well as your medical history (pregnancy, coagulation disorders, chronic illnesses, etc.).<\/p>\n<\/li>\n<li data-start=\"1377\" data-end=\"1463\">\n<p data-start=\"1379\" data-end=\"1463\">Avoid alcohol, coffee, or stimulants in the hours leading up to the session.<\/p>\n<\/li>\n<li data-start=\"1464\" data-end=\"1575\">\n<p data-start=\"1466\" data-end=\"1575\">If you are very tired, have a fever or are not feeling well, inform the practitioner before the session.<\/p>\n<\/li>\n<li data-start=\"1576\" data-end=\"1719\">\n<p data-start=\"1578\" data-end=\"1719\">Finally, it is best to postpone a session if you are menstruating, as the body is already in a natural regulation phase.<\/p>\n<\/li>\n<\/ul>\n<p>[\/et_pb_text][\/et_pb_column][et_pb_column type=\u00a0\u00bb2_5&Prime; _builder_version=\u00a0\u00bb4.27.4&Prime; _module_preset=\u00a0\u00bbdefault\u00a0\u00bb global_colors_info=\u00a0\u00bb{}\u00a0\u00bb][et_pb_image src=\u00a0\u00bbhttps:\/\/acunyon.ch\/wp-content\/uploads\/2022\/08\/pexels-antoni-shkraba-6076146-scaled.jpg\u00a0\u00bb alt=\u00a0\u00bbAcu-lifting\u00a0\u00bb title_text=\u00a0\u00bbAcu-lifting\u00a0\u00bb _builder_version=\u00a0\u00bb4.27.4&Prime; _module_preset=\u00a0\u00bbdefault\u00a0\u00bb global_colors_info=\u00a0\u00bb{}\u00a0\u00bb][\/et_pb_image][et_pb_image src=\u00a0\u00bbhttps:\/\/acunyon.ch\/wp-content\/uploads\/2022\/04\/qgcdtm9ra5s.jpg\u00a0\u00bb alt=\u00a0\u00bbAcupuncture\u00a0\u00bb title_text=\u00a0\u00bbAcupuncture\u00a0\u00bb _builder_version=\u00a0\u00bb4.27.4&Prime; _module_preset=\u00a0\u00bbdefault\u00a0\u00bb global_colors_info=\u00a0\u00bb{}\u00a0\u00bb][\/et_pb_image][et_pb_image src=\u00a0\u00bbhttps:\/\/acunyon.ch\/wp-content\/uploads\/2025\/09\/65fff0a9-3a85-4ef4-8f4b-867126fc117e-scaled.jpg\u00a0\u00bb alt=\u00a0\u00bbChinese wrist pulse\u00a0\u00bb title_text=\u00a0\u00bbChinese doctor feeling the pulse of a patient.\u00a0\u00bb _builder_version=\u00a0\u00bb4.27.4&Prime; _module_preset=\u00a0\u00bbdefault\u00a0\u00bb global_colors_info=\u00a0\u00bb{}\u00a0\u00bb][\/et_pb_image][\/et_pb_column][\/et_pb_row][\/et_pb_section]<\/p>","protected":false},"excerpt":{"rendered":"<p>D\u00e9roulement d\u2019une s\u00e9ance Une s\u00e9ance d\u2019acupuncture d\u00e9bute toujours par un entretien approfondi, visant \u00e0 comprendre vos ant\u00e9c\u00e9dents m\u00e9dicaux, vos habitudes de vie ainsi que vos sympt\u00f4mes actuels. Cet \u00e9change permet d\u2019\u00e9tablir un diagnostic \u00e9nerg\u00e9tique personnalis\u00e9.Le praticien proc\u00e8de ensuite \u00e0 l\u2019examen du pouls, de la langue et \u00e0 certaines palpations, afin d\u2019affiner son analyse. Une fois [&hellip;]<\/p>","protected":false},"author":1,"featured_media":0,"parent":28880,"menu_order":0,"comment_status":"closed","ping_status":"closed","template":"","meta":{"_et_pb_use_builder":"on","_et_pb_old_content":"","_et_gb_content_width":"","footnotes":""},"yoast_head":"<!-- This site is optimized with the Yoast SEO plugin v23.5 - https:\/\/yoast.com\/wordpress\/plugins\/seo\/ -->\n<title>BON \u00c0 SAVOIR - AcuNyon - Greg Barnhill<\/title>\n<meta name=\"robots\" content=\"index, follow, max-snippet:-1, max-image-preview:large, max-video-preview:-1\" \/>\n<link rel=\"canonical\" href=\"https:\/\/acunyon.ch\/en\/infospratique\/bon_a_savoir\/\" \/>\n<meta property=\"og:locale\" content=\"en_GB\" \/>\n<meta property=\"og:type\" content=\"article\" \/>\n<meta property=\"og:title\" content=\"BON \u00c0 SAVOIR - AcuNyon - Greg Barnhill\" \/>\n<meta property=\"og:description\" content=\"D\u00e9roulement d\u2019une s\u00e9ance Une s\u00e9ance d\u2019acupuncture d\u00e9bute toujours par un entretien approfondi, visant \u00e0 comprendre vos ant\u00e9c\u00e9dents m\u00e9dicaux, vos habitudes de vie ainsi que vos sympt\u00f4mes actuels. Cet \u00e9change permet d\u2019\u00e9tablir un diagnostic \u00e9nerg\u00e9tique personnalis\u00e9.Le praticien proc\u00e8de ensuite \u00e0 l\u2019examen du pouls, de la langue et \u00e0 certaines palpations, afin d\u2019affiner son analyse. Une fois [&hellip;]\" \/>\n<meta property=\"og:url\" content=\"https:\/\/acunyon.ch\/en\/infospratique\/bon_a_savoir\/\" \/>\n<meta property=\"og:site_name\" content=\"AcuNyon - Greg Barnhill\" \/>\n<meta property=\"article:publisher\" content=\"https:\/\/www.facebook.com\/acunyon\" \/>\n<meta property=\"article:modified_time\" content=\"2025-09-04T14:59:01+00:00\" \/>\n<meta name=\"twitter:card\" content=\"summary_large_image\" \/>\n<script type=\"application\/ld+json\" class=\"yoast-schema-graph\">{\"@context\":\"https:\/\/schema.org\",\"@graph\":[{\"@type\":\"WebPage\",\"@id\":\"https:\/\/acunyon.ch\/infospratique\/bon_a_savoir\/\",\"url\":\"https:\/\/acunyon.ch\/infospratique\/bon_a_savoir\/\",\"name\":\"BON \u00c0 SAVOIR - AcuNyon - Greg Barnhill\",\"isPartOf\":{\"@id\":\"https:\/\/acunyon.ch\/#website\"},\"datePublished\":\"2025-09-04T14:40:31+00:00\",\"dateModified\":\"2025-09-04T14:59:01+00:00\",\"breadcrumb\":{\"@id\":\"https:\/\/acunyon.ch\/infospratique\/bon_a_savoir\/#breadcrumb\"},\"inLanguage\":\"en-GB\",\"potentialAction\":[{\"@type\":\"ReadAction\",\"target\":[\"https:\/\/acunyon.ch\/infospratique\/bon_a_savoir\/\"]}]},{\"@type\":\"BreadcrumbList\",\"@id\":\"https:\/\/acunyon.ch\/infospratique\/bon_a_savoir\/#breadcrumb\",\"itemListElement\":[{\"@type\":\"ListItem\",\"position\":1,\"name\":\"Accueil\",\"item\":\"https:\/\/acunyon.ch\/\"},{\"@type\":\"ListItem\",\"position\":2,\"name\":\"INFOS PRATIQUE\",\"item\":\"https:\/\/acunyon.ch\/infospratique\/\"},{\"@type\":\"ListItem\",\"position\":3,\"name\":\"BON \u00c0 SAVOIR\"}]},{\"@type\":\"WebSite\",\"@id\":\"https:\/\/acunyon.ch\/#website\",\"url\":\"https:\/\/acunyon.ch\/\",\"name\":\"AcuNyon - Greg Barnhill\",\"description\":\"Acupuncteur \u00e0 Nyon. Agr\u00e9e RME, ASCA, APTN.\",\"publisher\":{\"@id\":\"https:\/\/acunyon.ch\/#organization\"},\"alternateName\":\"AcuNyon\",\"potentialAction\":[{\"@type\":\"SearchAction\",\"target\":{\"@type\":\"EntryPoint\",\"urlTemplate\":\"https:\/\/acunyon.ch\/?s={search_term_string}\"},\"query-input\":{\"@type\":\"PropertyValueSpecification\",\"valueRequired\":true,\"valueName\":\"search_term_string\"}}],\"inLanguage\":\"en-GB\"},{\"@type\":\"Organization\",\"@id\":\"https:\/\/acunyon.ch\/#organization\",\"name\":\"AcuNyon\",\"alternateName\":\"AcuNyon\",\"url\":\"https:\/\/acunyon.ch\/\",\"logo\":{\"@type\":\"ImageObject\",\"inLanguage\":\"en-GB\",\"@id\":\"https:\/\/acunyon.ch\/#\/schema\/logo\/image\/\",\"url\":\"https:\/\/acunyon.ch\/wp-content\/uploads\/2021\/12\/logo-Acunyonnom-centrer-2.svg\",\"contentUrl\":\"https:\/\/acunyon.ch\/wp-content\/uploads\/2021\/12\/logo-Acunyonnom-centrer-2.svg\",\"width\":664,\"height\":501,\"caption\":\"AcuNyon\"},\"image\":{\"@id\":\"https:\/\/acunyon.ch\/#\/schema\/logo\/image\/\"},\"sameAs\":[\"https:\/\/www.facebook.com\/acunyon\",\"https:\/\/www.instagram.com\/acunyon\/\",\"https:\/\/www.linkedin.com\/in\/acunyongregorybarnhill\/\"]}]}<\/script>\n<!-- \/ Yoast SEO plugin. -->","yoast_head_json":{"title":"BON \u00c0 SAVOIR - AcuNyon - Greg Barnhill","robots":{"index":"index","follow":"follow","max-snippet":"max-snippet:-1","max-image-preview":"max-image-preview:large","max-video-preview":"max-video-preview:-1"},"canonical":"https:\/\/acunyon.ch\/en\/infospratique\/bon_a_savoir\/","og_locale":"en_GB","og_type":"article","og_title":"BON \u00c0 SAVOIR - AcuNyon - Greg Barnhill","og_description":"D\u00e9roulement d\u2019une s\u00e9ance Une s\u00e9ance d\u2019acupuncture d\u00e9bute toujours par un entretien approfondi, visant \u00e0 comprendre vos ant\u00e9c\u00e9dents m\u00e9dicaux, vos habitudes de vie ainsi que vos sympt\u00f4mes actuels. Cet \u00e9change permet d\u2019\u00e9tablir un diagnostic \u00e9nerg\u00e9tique personnalis\u00e9.Le praticien proc\u00e8de ensuite \u00e0 l\u2019examen du pouls, de la langue et \u00e0 certaines palpations, afin d\u2019affiner son analyse. Une fois [&hellip;]","og_url":"https:\/\/acunyon.ch\/en\/infospratique\/bon_a_savoir\/","og_site_name":"AcuNyon - Greg Barnhill","article_publisher":"https:\/\/www.facebook.com\/acunyon","article_modified_time":"2025-09-04T14:59:01+00:00","twitter_card":"summary_large_image","schema":{"@context":"https:\/\/schema.org","@graph":[{"@type":"WebPage","@id":"https:\/\/acunyon.ch\/infospratique\/bon_a_savoir\/","url":"https:\/\/acunyon.ch\/infospratique\/bon_a_savoir\/","name":"BON \u00c0 SAVOIR - AcuNyon - Greg Barnhill","isPartOf":{"@id":"https:\/\/acunyon.ch\/#website"},"datePublished":"2025-09-04T14:40:31+00:00","dateModified":"2025-09-04T14:59:01+00:00","breadcrumb":{"@id":"https:\/\/acunyon.ch\/infospratique\/bon_a_savoir\/#breadcrumb"},"inLanguage":"en-GB","potentialAction":[{"@type":"ReadAction","target":["https:\/\/acunyon.ch\/infospratique\/bon_a_savoir\/"]}]},{"@type":"BreadcrumbList","@id":"https:\/\/acunyon.ch\/infospratique\/bon_a_savoir\/#breadcrumb","itemListElement":[{"@type":"ListItem","position":1,"name":"Accueil","item":"https:\/\/acunyon.ch\/"},{"@type":"ListItem","position":2,"name":"INFOS PRATIQUE","item":"https:\/\/acunyon.ch\/infospratique\/"},{"@type":"ListItem","position":3,"name":"BON \u00c0 SAVOIR"}]},{"@type":"WebSite","@id":"https:\/\/acunyon.ch\/#website","url":"https:\/\/acunyon.ch\/","name":"AcuNyon - Greg Barnhill","description":"Acupuncteur \u00e0 Nyon. Agr\u00e9e RME, ASCA, APTN.","publisher":{"@id":"https:\/\/acunyon.ch\/#organization"},"alternateName":"AcuNyon","potentialAction":[{"@type":"SearchAction","target":{"@type":"EntryPoint","urlTemplate":"https:\/\/acunyon.ch\/?s={search_term_string}"},"query-input":{"@type":"PropertyValueSpecification","valueRequired":true,"valueName":"search_term_string"}}],"inLanguage":"en-GB"},{"@type":"Organization","@id":"https:\/\/acunyon.ch\/#organization","name":"AcuNyon","alternateName":"AcuNyon","url":"https:\/\/acunyon.ch\/","logo":{"@type":"ImageObject","inLanguage":"en-GB","@id":"https:\/\/acunyon.ch\/#\/schema\/logo\/image\/","url":"https:\/\/acunyon.ch\/wp-content\/uploads\/2021\/12\/logo-Acunyonnom-centrer-2.svg","contentUrl":"https:\/\/acunyon.ch\/wp-content\/uploads\/2021\/12\/logo-Acunyonnom-centrer-2.svg","width":664,"height":501,"caption":"AcuNyon"},"image":{"@id":"https:\/\/acunyon.ch\/#\/schema\/logo\/image\/"},"sameAs":["https:\/\/www.facebook.com\/acunyon","https:\/\/www.instagram.com\/acunyon\/","https:\/\/www.linkedin.com\/in\/acunyongregorybarnhill\/"]}]}},"_links":{"self":[{"href":"https:\/\/acunyon.ch\/en\/wp-json\/wp\/v2\/pages\/30909"}],"collection":[{"href":"https:\/\/acunyon.ch\/en\/wp-json\/wp\/v2\/pages"}],"about":[{"href":"https:\/\/acunyon.ch\/en\/wp-json\/wp\/v2\/types\/page"}],"author":[{"embeddable":true,"href":"https:\/\/acunyon.ch\/en\/wp-json\/wp\/v2\/users\/1"}],"replies":[{"embeddable":true,"href":"https:\/\/acunyon.ch\/en\/wp-json\/wp\/v2\/comments?post=30909"}],"version-history":[{"count":0,"href":"https:\/\/acunyon.ch\/en\/wp-json\/wp\/v2\/pages\/30909\/revisions"}],"up":[{"embeddable":true,"href":"https:\/\/acunyon.ch\/en\/wp-json\/wp\/v2\/pages\/28880"}],"wp:attachment":[{"href":"https:\/\/acunyon.ch\/en\/wp-json\/wp\/v2\/media?parent=30909"}],"curies":[{"name":"wp","href":"https:\/\/api.w.org\/{rel}","templated":true}]}}