{"id":30298,"date":"2022-05-24T14:58:10","date_gmt":"2022-05-24T12:58:10","guid":{"rendered":"https:\/\/greg.acunyon.ch\/?page_id=30298"},"modified":"2022-08-25T21:55:49","modified_gmt":"2022-08-25T19:55:49","slug":"acu-lifting","status":"publish","type":"page","link":"https:\/\/acunyon.ch\/en\/infospratique\/acu-lifting\/","title":{"rendered":"ACU LIFTING"},"content":{"rendered":"[et_pb_section fb_built=\u00a0\u00bb1&Prime; _builder_version=\u00a0\u00bb4.17.6&Prime; _module_preset=\u00a0\u00bbdefault\u00a0\u00bb background_image=\u00a0\u00bbhttps:\/\/acunyon.ch\/wp-content\/uploads\/2022\/08\/6076148-e1659552230501.jpg\u00a0\u00bb min_height=\u00a0\u00bb250px\u00a0\u00bb min_height_tablet=\u00a0\u00bb\u00a0\u00bb min_height_phone=\u00a0\u00bb\u00a0\u00bb min_height_last_edited=\u00a0\u00bbon|phone\u00a0\u00bb locked=\u00a0\u00bboff\u00a0\u00bb global_colors_info=\u00a0\u00bb{}\u00a0\u00bb][\/et_pb_section][et_pb_section fb_built=\u00a0\u00bb1&Prime; _builder_version=\u00a0\u00bb4.16&Prime; _module_preset=\u00a0\u00bbdefault\u00a0\u00bb background_color=\u00a0\u00bb#FFFFFF\u00a0\u00bb custom_padding=\u00a0\u00bb11px||34px|||\u00a0\u00bb global_colors_info=\u00a0\u00bb{}\u00a0\u00bb][et_pb_row custom_padding_last_edited=\u00a0\u00bbon|phone\u00a0\u00bb _builder_version=\u00a0\u00bb4.16&Prime; _module_preset=\u00a0\u00bbdefault\u00a0\u00bb custom_padding=\u00a0\u00bb80px||80px|||\u00a0\u00bb custom_padding_tablet=\u00a0\u00bb\u00a0\u00bb custom_padding_phone=\u00a0\u00bb38px||||false|false\u00a0\u00bb locked=\u00a0\u00bboff\u00a0\u00bb global_colors_info=\u00a0\u00bb{}\u00a0\u00bb][et_pb_column type=\u00a0\u00bb4_4&Prime; _builder_version=\u00a0\u00bb4.16&Prime; _module_preset=\u00a0\u00bbdefault\u00a0\u00bb global_colors_info=\u00a0\u00bb{}\u00a0\u00bb][et_pb_text _builder_version=\u00a0\u00bb4.17.6&Prime; _module_preset=\u00a0\u00bbdefault\u00a0\u00bb text_font=\u00a0\u00bb|800|||||||\u00a0\u00bb text_text_color=\u00a0\u00bb#352B21&Prime; text_font_size=\u00a0\u00bb26px\u00a0\u00bb text_line_height=\u00a0\u00bb1.1em\u00a0\u00bb header_text_color=\u00a0\u00bb#A07E55&Prime; header_font_size=\u00a0\u00bb36px\u00a0\u00bb header_line_height=\u00a0\u00bb1.3em\u00a0\u00bb text_orientation=\u00a0\u00bbcenter\u00a0\u00bb global_colors_info=\u00a0\u00bb{}\u00a0\u00bb]<h1 id=\"comp-j7qa8zsi\" class=\"_1Z_nJ\" data-testid=\"richTextElement\">Acu-Lifting<\/h1>[\/et_pb_text][et_pb_text _builder_version=\u00a0\u00bb4.17.6&Prime; _module_preset=\u00a0\u00bbdefault\u00a0\u00bb text_font=\u00a0\u00bb||||||||\u00a0\u00bb text_font_size=\u00a0\u00bb16px\u00a0\u00bb text_line_height=\u00a0\u00bb1.2em\u00a0\u00bb header_2_text_color=\u00a0\u00bb#352b21&Prime; header_2_font_size=\u00a0\u00bb18px\u00a0\u00bb header_2_line_height=\u00a0\u00bb1.3em\u00a0\u00bb width=\u00a0\u00bb70%\u00a0\u00bb width_tablet=\u00a0\u00bb100%\u00a0\u00bb width_phone=\u00a0\u00bb\u00a0\u00bb width_last_edited=\u00a0\u00bbon|phone\u00a0\u00bb module_alignment=\u00a0\u00bbcenter\u00a0\u00bb locked=\u00a0\u00bboff\u00a0\u00bb global_colors_info=\u00a0\u00bb{}\u00a0\u00bb]<div id=\"comp-j7qa8zsi\" class=\"_1Z_nJ\" data-testid=\"richTextElement\">\n<h2 class=\"font_2\" style=\"text-align: center;\">Acupuncture facelift, a natural method without injections or surgery.<\/h2>\n<\/div>[\/et_pb_text][\/et_pb_column][\/et_pb_row][et_pb_row column_structure=\u00a0\u00bb3_5,2_5&Prime; _builder_version=\u00a0\u00bb4.17.6&Prime; _module_preset=\u00a0\u00bbdefault\u00a0\u00bb background_enable_color=\u00a0\u00bboff\u00a0\u00bb custom_padding=\u00a0\u00bb25px|20px|25px|20px|false|false\u00a0\u00bb global_colors_info=\u00a0\u00bb{}\u00a0\u00bb][et_pb_column type=\u00a0\u00bb3_5&Prime; _builder_version=\u00a0\u00bb4.16&Prime; _module_preset=\u00a0\u00bbdefault\u00a0\u00bb global_colors_info=\u00a0\u00bb{}\u00a0\u00bb][et_pb_text _builder_version=\u00a0\u00bb4.17.6&Prime; _module_preset=\u00a0\u00bbdefault\u00a0\u00bb text_font_size=\u00a0\u00bb16px\u00a0\u00bb header_2_text_color=\u00a0\u00bb#A07E55&Prime; header_2_font_size=\u00a0\u00bb18px\u00a0\u00bb header_3_text_color=\u00a0\u00bb#A07E55&Prime; header_3_font_size=\u00a0\u00bb18px\u00a0\u00bb custom_margin=\u00a0\u00bb||9px|||\u00a0\u00bb custom_padding=\u00a0\u00bb||19px|||\u00a0\u00bb global_colors_info=\u00a0\u00bb{}\u00a0\u00bb header_2_text_color__hover_enabled=\u00a0\u00bbon|desktop\u00a0\u00bb header_2_text_color__hover=\u00a0\u00bb#A07E55&Prime;]<h2><strong>The Benefits of Acu-Lifting<\/strong><\/h2>\n<ul>\n \t<li>Slow down skin aging and naturally maintain facial radiance.<\/li>\n \t<li>Reduce wrinkles and eliminate fine lines.<\/li>\n \t<li>Moisturize the skin to make it healthier, smoother, and more radiant.<\/li>\n \t<li>Feel more peaceful, experience serenity and self-confidence.<\/li>\n<\/ul>[\/et_pb_text][et_pb_text _builder_version=\u00a0\u00bb4.18.0&Prime; _module_preset=\u00a0\u00bbdefault\u00a0\u00bb text_font_size=\u00a0\u00bb16px\u00a0\u00bb header_2_text_color=\u00a0\u00bb#A07E55&Prime; header_2_font_size=\u00a0\u00bb18px\u00a0\u00bb header_3_text_color=\u00a0\u00bb#A07E55&Prime; header_3_font_size=\u00a0\u00bb18px\u00a0\u00bb custom_margin=\u00a0\u00bb||9px|||\u00a0\u00bb custom_padding=\u00a0\u00bb||19px|||\u00a0\u00bb hover_enabled=\u00a0\u00bb0&Prime; global_colors_info=\u00a0\u00bb{}\u00a0\u00bb header_2_text_color__hover_enabled=\u00a0\u00bbon|desktop\u00a0\u00bb header_2_text_color__hover=\u00a0\u00bb#A07E55&Prime; sticky_enabled=\u00a0\u00bb0&Prime;]<h2><strong>How a session works<\/strong><\/h2>\n<ul>\n<li>Energy assessment to analyze the lines of expression generated, the shape, and the movements specific to your face.<\/li>\n<li>Preparation phase and facial massage (using a ridoki and\/or suction cup) to prepare the person for the puncture and also to help them relax.<\/li>\n<li>Stimulation of acupuncture points using gold-plated needles.<\/li>\n<li>Each session lasts approximately 45 minutes, and the number of sessions will depend on the protocol established based on your age, facial lines, and desired results.<\/li>\n<li>For initial treatment, three to five sessions are required. (Additional information available upon request).<\/li>\n<\/ul>[\/et_pb_text][et_pb_text _builder_version=\u00a0\u00bb4.17.6&Prime; _module_preset=\u00a0\u00bbdefault\u00a0\u00bb text_font_size=\u00a0\u00bb16px\u00a0\u00bb header_2_text_color=\u00a0\u00bb#A07E55&Prime; header_2_font_size=\u00a0\u00bb18px\u00a0\u00bb header_3_text_color=\u00a0\u00bb#A07E55&Prime; header_3_font_size=\u00a0\u00bb18px\u00a0\u00bb custom_margin=\u00a0\u00bb||9px|||\u00a0\u00bb global_colors_info=\u00a0\u00bb{}\u00a0\u00bb header_2_text_color__hover_enabled=\u00a0\u00bbon|desktop\u00a0\u00bb header_2_text_color__hover=\u00a0\u00bb#A07E55&Prime;]<h2><strong>Does it hurt?<\/strong><\/h2>\n<ul>\n \t<li>Apart from a slight tingling sensation or very light bleeding, the extreme fineness of the needles guarantees painless treatment.<\/li>\n \t<li>You can resume your activities as soon as the session is over.<\/li>\n \t<li>However, it is best to schedule sessions a few days before an important event.<\/li>\n<\/ul>[\/et_pb_text][\/et_pb_column][et_pb_column type=\u00a0\u00bb2_5&Prime; _builder_version=\u00a0\u00bb4.16&Prime; _module_preset=\u00a0\u00bbdefault\u00a0\u00bb global_colors_info=\u00a0\u00bb{}\u00a0\u00bb][et_pb_image src=\u00a0\u00bbhttps:\/\/acunyon.ch\/wp-content\/uploads\/2022\/08\/acupunture-faciale.jpeg\u00a0\u00bb alt=\u00a0\u00bbAcu-Lifting\u00a0\u00bb title_text=\u00a0\u00bbacupunture-faciale\u00a0\u00bb _builder_version=\u00a0\u00bb4.17.6&Prime; _module_preset=\u00a0\u00bbdefault\u00a0\u00bb box_shadow_style=\u00a0\u00bbpreset1&Prime; global_colors_info=\u00a0\u00bb{}\u00a0\u00bb][\/et_pb_image][et_pb_image src=\u00a0\u00bbhttps:\/\/greg.acunyon.ch\/wp-content\/uploads\/2022\/08\/pexels-antoni-shkraba-6076146-scaled.jpg\u00a0\u00bb alt=\u00a0\u00bbAcu-Lifting\u00a0\u00bb title_text=\u00a0\u00bbpexels-antoni-shkraba-6076146&Prime; _builder_version=\u00a0\u00bb4.17.6&Prime; _module_preset=\u00a0\u00bbdefault\u00a0\u00bb box_shadow_style=\u00a0\u00bbpreset1&Prime; global_colors_info=\u00a0\u00bb{}\u00a0\u00bb][\/et_pb_image][\/et_pb_column][\/et_pb_row][\/et_pb_section]","protected":false},"excerpt":{"rendered":"<p>Acu-Lifting Lifting par acupuncture, une m\u00e9thode naturelle\u00a0sans injection, ni chirurgie. Les bienfaits de l&rsquo;Acu-Lifting Ralentir le vieillissement de la peau et entretenir naturellement l&rsquo;\u00e9clat du visage. Diminuer les rides et \u00e9liminer les ridules. Hydrater la peau, pour la rendre plus saine, plus lisse et plus lumineuse. Se sentir plus apaiser, ressentir de la s\u00e9r\u00e9nit\u00e9 et [&hellip;]<\/p>","protected":false},"author":1,"featured_media":0,"parent":28880,"menu_order":0,"comment_status":"closed","ping_status":"closed","template":"","meta":{"_et_pb_use_builder":"on","_et_pb_old_content":"","_et_gb_content_width":"","footnotes":""},"yoast_head":"<!-- This site is optimized with the Yoast SEO plugin v23.5 - https:\/\/yoast.com\/wordpress\/plugins\/seo\/ -->\n<title>ACU LIFTING - AcuNyon - Greg Barnhill<\/title>\n<meta name=\"description\" content=\"Lifting par acupuncture, une m\u00e9thode naturelle sans injection, ni chirurgie. Utilisation d&#039;aiguilles d\u2019acupuncture en or dans le but d\u2019apporter un effet revitalisant et rajeunissant de la peau et du visage.\" \/>\n<meta name=\"robots\" content=\"index, follow, max-snippet:-1, max-image-preview:large, max-video-preview:-1\" \/>\n<link rel=\"canonical\" href=\"https:\/\/acunyon.ch\/en\/infospratique\/acu-lifting\/\" \/>\n<meta property=\"og:locale\" content=\"en_GB\" \/>\n<meta property=\"og:type\" content=\"article\" \/>\n<meta property=\"og:title\" content=\"ACU LIFTING - AcuNyon - Greg Barnhill\" \/>\n<meta property=\"og:description\" content=\"Lifting par acupuncture, une m\u00e9thode naturelle sans injection, ni chirurgie. Utilisation d&#039;aiguilles d\u2019acupuncture en or dans le but d\u2019apporter un effet revitalisant et rajeunissant de la peau et du visage.\" \/>\n<meta property=\"og:url\" content=\"https:\/\/acunyon.ch\/en\/infospratique\/acu-lifting\/\" \/>\n<meta property=\"og:site_name\" content=\"AcuNyon - Greg Barnhill\" \/>\n<meta property=\"article:publisher\" content=\"https:\/\/www.facebook.com\/acunyon\" \/>\n<meta property=\"article:modified_time\" content=\"2022-08-25T19:55:49+00:00\" \/>\n<meta name=\"twitter:card\" content=\"summary_large_image\" \/>\n<script type=\"application\/ld+json\" class=\"yoast-schema-graph\">{\"@context\":\"https:\/\/schema.org\",\"@graph\":[{\"@type\":\"WebPage\",\"@id\":\"https:\/\/acunyon.ch\/infospratique\/acu-lifting\/\",\"url\":\"https:\/\/acunyon.ch\/infospratique\/acu-lifting\/\",\"name\":\"ACU LIFTING - AcuNyon - Greg Barnhill\",\"isPartOf\":{\"@id\":\"https:\/\/acunyon.ch\/#website\"},\"datePublished\":\"2022-05-24T12:58:10+00:00\",\"dateModified\":\"2022-08-25T19:55:49+00:00\",\"description\":\"Lifting par acupuncture, une m\u00e9thode naturelle sans injection, ni chirurgie. Utilisation d'aiguilles d\u2019acupuncture en or dans le but d\u2019apporter un effet revitalisant et rajeunissant de la peau et du visage.\",\"breadcrumb\":{\"@id\":\"https:\/\/acunyon.ch\/infospratique\/acu-lifting\/#breadcrumb\"},\"inLanguage\":\"en-GB\",\"potentialAction\":[{\"@type\":\"ReadAction\",\"target\":[\"https:\/\/acunyon.ch\/infospratique\/acu-lifting\/\"]}]},{\"@type\":\"BreadcrumbList\",\"@id\":\"https:\/\/acunyon.ch\/infospratique\/acu-lifting\/#breadcrumb\",\"itemListElement\":[{\"@type\":\"ListItem\",\"position\":1,\"name\":\"Accueil\",\"item\":\"https:\/\/acunyon.ch\/\"},{\"@type\":\"ListItem\",\"position\":2,\"name\":\"INFOS PRATIQUE\",\"item\":\"https:\/\/acunyon.ch\/infospratique\/\"},{\"@type\":\"ListItem\",\"position\":3,\"name\":\"ACU LIFTING\"}]},{\"@type\":\"WebSite\",\"@id\":\"https:\/\/acunyon.ch\/#website\",\"url\":\"https:\/\/acunyon.ch\/\",\"name\":\"AcuNyon - Greg Barnhill\",\"description\":\"Acupuncteur \u00e0 Nyon. Agr\u00e9e RME, ASCA, APTN.\",\"publisher\":{\"@id\":\"https:\/\/acunyon.ch\/#organization\"},\"alternateName\":\"AcuNyon\",\"potentialAction\":[{\"@type\":\"SearchAction\",\"target\":{\"@type\":\"EntryPoint\",\"urlTemplate\":\"https:\/\/acunyon.ch\/?s={search_term_string}\"},\"query-input\":{\"@type\":\"PropertyValueSpecification\",\"valueRequired\":true,\"valueName\":\"search_term_string\"}}],\"inLanguage\":\"en-GB\"},{\"@type\":\"Organization\",\"@id\":\"https:\/\/acunyon.ch\/#organization\",\"name\":\"AcuNyon\",\"alternateName\":\"AcuNyon\",\"url\":\"https:\/\/acunyon.ch\/\",\"logo\":{\"@type\":\"ImageObject\",\"inLanguage\":\"en-GB\",\"@id\":\"https:\/\/acunyon.ch\/#\/schema\/logo\/image\/\",\"url\":\"https:\/\/acunyon.ch\/wp-content\/uploads\/2021\/12\/logo-Acunyonnom-centrer-2.svg\",\"contentUrl\":\"https:\/\/acunyon.ch\/wp-content\/uploads\/2021\/12\/logo-Acunyonnom-centrer-2.svg\",\"width\":664,\"height\":501,\"caption\":\"AcuNyon\"},\"image\":{\"@id\":\"https:\/\/acunyon.ch\/#\/schema\/logo\/image\/\"},\"sameAs\":[\"https:\/\/www.facebook.com\/acunyon\",\"https:\/\/www.instagram.com\/acunyon\/\",\"https:\/\/www.linkedin.com\/in\/acunyongregorybarnhill\/\"]}]}<\/script>\n<!-- \/ Yoast SEO plugin. -->","yoast_head_json":{"title":"ACU LIFTING - AcuNyon - Greg Barnhill","description":"Lifting par acupuncture, une m\u00e9thode naturelle sans injection, ni chirurgie. Utilisation d'aiguilles d\u2019acupuncture en or dans le but d\u2019apporter un effet revitalisant et rajeunissant de la peau et du visage.","robots":{"index":"index","follow":"follow","max-snippet":"max-snippet:-1","max-image-preview":"max-image-preview:large","max-video-preview":"max-video-preview:-1"},"canonical":"https:\/\/acunyon.ch\/en\/infospratique\/acu-lifting\/","og_locale":"en_GB","og_type":"article","og_title":"ACU LIFTING - AcuNyon - Greg Barnhill","og_description":"Lifting par acupuncture, une m\u00e9thode naturelle sans injection, ni chirurgie. Utilisation d'aiguilles d\u2019acupuncture en or dans le but d\u2019apporter un effet revitalisant et rajeunissant de la peau et du visage.","og_url":"https:\/\/acunyon.ch\/en\/infospratique\/acu-lifting\/","og_site_name":"AcuNyon - Greg Barnhill","article_publisher":"https:\/\/www.facebook.com\/acunyon","article_modified_time":"2022-08-25T19:55:49+00:00","twitter_card":"summary_large_image","schema":{"@context":"https:\/\/schema.org","@graph":[{"@type":"WebPage","@id":"https:\/\/acunyon.ch\/infospratique\/acu-lifting\/","url":"https:\/\/acunyon.ch\/infospratique\/acu-lifting\/","name":"ACU LIFTING - AcuNyon - Greg Barnhill","isPartOf":{"@id":"https:\/\/acunyon.ch\/#website"},"datePublished":"2022-05-24T12:58:10+00:00","dateModified":"2022-08-25T19:55:49+00:00","description":"Lifting par acupuncture, une m\u00e9thode naturelle sans injection, ni chirurgie. Utilisation d'aiguilles d\u2019acupuncture en or dans le but d\u2019apporter un effet revitalisant et rajeunissant de la peau et du visage.","breadcrumb":{"@id":"https:\/\/acunyon.ch\/infospratique\/acu-lifting\/#breadcrumb"},"inLanguage":"en-GB","potentialAction":[{"@type":"ReadAction","target":["https:\/\/acunyon.ch\/infospratique\/acu-lifting\/"]}]},{"@type":"BreadcrumbList","@id":"https:\/\/acunyon.ch\/infospratique\/acu-lifting\/#breadcrumb","itemListElement":[{"@type":"ListItem","position":1,"name":"Accueil","item":"https:\/\/acunyon.ch\/"},{"@type":"ListItem","position":2,"name":"INFOS PRATIQUE","item":"https:\/\/acunyon.ch\/infospratique\/"},{"@type":"ListItem","position":3,"name":"ACU LIFTING"}]},{"@type":"WebSite","@id":"https:\/\/acunyon.ch\/#website","url":"https:\/\/acunyon.ch\/","name":"AcuNyon - Greg Barnhill","description":"Acupuncteur \u00e0 Nyon. Agr\u00e9e RME, ASCA, APTN.","publisher":{"@id":"https:\/\/acunyon.ch\/#organization"},"alternateName":"AcuNyon","potentialAction":[{"@type":"SearchAction","target":{"@type":"EntryPoint","urlTemplate":"https:\/\/acunyon.ch\/?s={search_term_string}"},"query-input":{"@type":"PropertyValueSpecification","valueRequired":true,"valueName":"search_term_string"}}],"inLanguage":"en-GB"},{"@type":"Organization","@id":"https:\/\/acunyon.ch\/#organization","name":"AcuNyon","alternateName":"AcuNyon","url":"https:\/\/acunyon.ch\/","logo":{"@type":"ImageObject","inLanguage":"en-GB","@id":"https:\/\/acunyon.ch\/#\/schema\/logo\/image\/","url":"https:\/\/acunyon.ch\/wp-content\/uploads\/2021\/12\/logo-Acunyonnom-centrer-2.svg","contentUrl":"https:\/\/acunyon.ch\/wp-content\/uploads\/2021\/12\/logo-Acunyonnom-centrer-2.svg","width":664,"height":501,"caption":"AcuNyon"},"image":{"@id":"https:\/\/acunyon.ch\/#\/schema\/logo\/image\/"},"sameAs":["https:\/\/www.facebook.com\/acunyon","https:\/\/www.instagram.com\/acunyon\/","https:\/\/www.linkedin.com\/in\/acunyongregorybarnhill\/"]}]}},"_links":{"self":[{"href":"https:\/\/acunyon.ch\/en\/wp-json\/wp\/v2\/pages\/30298"}],"collection":[{"href":"https:\/\/acunyon.ch\/en\/wp-json\/wp\/v2\/pages"}],"about":[{"href":"https:\/\/acunyon.ch\/en\/wp-json\/wp\/v2\/types\/page"}],"author":[{"embeddable":true,"href":"https:\/\/acunyon.ch\/en\/wp-json\/wp\/v2\/users\/1"}],"replies":[{"embeddable":true,"href":"https:\/\/acunyon.ch\/en\/wp-json\/wp\/v2\/comments?post=30298"}],"version-history":[{"count":0,"href":"https:\/\/acunyon.ch\/en\/wp-json\/wp\/v2\/pages\/30298\/revisions"}],"up":[{"embeddable":true,"href":"https:\/\/acunyon.ch\/en\/wp-json\/wp\/v2\/pages\/28880"}],"wp:attachment":[{"href":"https:\/\/acunyon.ch\/en\/wp-json\/wp\/v2\/media?parent=30298"}],"curies":[{"name":"wp","href":"https:\/\/api.w.org\/{rel}","templated":true}]}}