{"id":30104,"date":"2021-05-26T10:04:03","date_gmt":"2021-05-26T08:04:03","guid":{"rendered":"https:\/\/greg.acunyon.ch\/?page_id=30104"},"modified":"2025-02-10T10:48:57","modified_gmt":"2025-02-10T09:48:57","slug":"blog","status":"publish","type":"page","link":"https:\/\/acunyon.ch\/en\/blog\/","title":{"rendered":"Blog"},"content":{"rendered":"<p>[et_pb_section fb_built=\u00a0\u00bb1&Prime; custom_padding_last_edited=\u00a0\u00bbon|tablet\u00a0\u00bb next_background_color=\u00a0\u00bbrgba(160,133,101,0.37)\u00a0\u00bb admin_label=\u00a0\u00bbHero\u00a0\u00bb _builder_version=\u00a0\u00bb4.17.6&Prime; background_enable_color=\u00a0\u00bboff\u00a0\u00bb background_color_gradient_direction=\u00a0\u00bb18deg\u00a0\u00bb background_image=\u00a0\u00bbhttps:\/\/acunyon.ch\/wp-content\/uploads\/2020\/11\/rdwixsgb2ly-scaled.jpg\u00a0\u00bb custom_margin=\u00a0\u00bb||||false\u00a0\u00bb custom_padding=\u00a0\u00bb0vw||10vw||false|false\u00a0\u00bb custom_padding_tablet=\u00a0\u00bb||50px|\u00a0\u00bb custom_padding_phone=\u00a0\u00bb\u00a0\u00bb bottom_divider_style=\u00a0\u00bbwave2&Prime; bottom_divider_height=\u00a0\u00bb2.5vw\u00a0\u00bb global_colors_info=\u00a0\u00bb{}\u00a0\u00bb][\/et_pb_section][et_pb_section fb_built=\u00a0\u00bb1&Prime; admin_label=\u00a0\u00bbBlog\u00a0\u00bb _builder_version=\u00a0\u00bb4.21.0&Prime; background_color=\u00a0\u00bbrgba(160,133,101,0.37)\u00a0\u00bb custom_padding=\u00a0\u00bb19px|1px|53.4688px|0px|false|false\u00a0\u00bb global_colors_info=\u00a0\u00bb{}\u00a0\u00bb][et_pb_row use_custom_gutter=\u00a0\u00bbon\u00a0\u00bb _builder_version=\u00a0\u00bb4.16&Prime; global_colors_info=\u00a0\u00bb{}\u00a0\u00bb][et_pb_column type=\u00a0\u00bb4_4&Prime; _builder_version=\u00a0\u00bb4.16&Prime; custom_padding=\u00a0\u00bb|||\u00a0\u00bb global_colors_info=\u00a0\u00bb{}\u00a0\u00bb custom_padding__hover=\u00a0\u00bb|||\u00a0\u00bb][et_pb_text _builder_version=\u00a0\u00bb4.17.6&Prime; _module_preset=\u00a0\u00bbdefault\u00a0\u00bb text_font=\u00a0\u00bb|800|||||||\u00a0\u00bb text_text_color=\u00a0\u00bb#A07E55&Prime; text_font_size=\u00a0\u00bb25px\u00a0\u00bb header_text_color=\u00a0\u00bb#A07E55&Prime; header_font_size=\u00a0\u00bb36px\u00a0\u00bb header_2_text_color=\u00a0\u00bb#A07E55&Prime; header_4_text_color=\u00a0\u00bb#A07E55&Prime; text_orientation=\u00a0\u00bbcenter\u00a0\u00bb custom_margin=\u00a0\u00bb||12px|||\u00a0\u00bb custom_padding=\u00a0\u00bb||38px|||\u00a0\u00bb locked=\u00a0\u00bboff\u00a0\u00bb global_colors_info=\u00a0\u00bb{}\u00a0\u00bb]<\/p>\n<h1>News &amp; Information<\/h1>\n<p>[\/et_pb_text][et_pb_blog fullwidth=\u00a0\u00bboff\u00a0\u00bb posts_number=\u00a0\u00bb9&Prime; include_categories=\u00a0\u00bball\u00a0\u00bb show_more=\u00a0\u00bbon\u00a0\u00bb show_author=\u00a0\u00bboff\u00a0\u00bb show_categories=\u00a0\u00bboff\u00a0\u00bb show_pagination=\u00a0\u00bboff\u00a0\u00bb _builder_version=\u00a0\u00bb4.27.4&Prime; header_font=\u00a0\u00bbMontserrat||||||||\u00a0\u00bb header_line_height=\u00a0\u00bb1.4em\u00a0\u00bb body_font=\u00a0\u00bb||||||||\u00a0\u00bb body_line_height=\u00a0\u00bb1.5em\u00a0\u00bb meta_font=\u00a0\u00bb||||||||\u00a0\u00bb meta_text_color=\u00a0\u00bbrgba(0,0,0,0.2)\u00a0\u00bb read_more_font=\u00a0\u00bb|600|||||||\u00a0\u00bb read_more_text_color=\u00a0\u00bb#A07E55&Prime; read_more_line_height=\u00a0\u00bb2.7em\u00a0\u00bb pagination_font=\u00a0\u00bbMontserrat||||||||\u00a0\u00bb pagination_text_color=\u00a0\u00bb#7f8dff\u00a0\u00bb pagination_font_size=\u00a0\u00bb16px\u00a0\u00bb hover_enabled=\u00a0\u00bb0&Prime; border_radii=\u00a0\u00bbon|10px|10px|10px|10px\u00a0\u00bb border_width_all=\u00a0\u00bb0px\u00a0\u00bb box_shadow_style=\u00a0\u00bbpreset1&Prime; box_shadow_blur=\u00a0\u00bb30px\u00a0\u00bb box_shadow_color=\u00a0\u00bbrgba(0,0,0,0.06)\u00a0\u00bb global_colors_info=\u00a0\u00bb{}\u00a0\u00bb sticky_enabled=\u00a0\u00bb0&Prime; show_date=\u00a0\u00bboff\u00a0\u00bb][\/et_pb_blog][\/et_pb_column][\/et_pb_row][\/et_pb_section]<\/p>","protected":false},"excerpt":{"rendered":"<p>News &amp; Information<\/p>","protected":false},"author":1,"featured_media":0,"parent":0,"menu_order":0,"comment_status":"closed","ping_status":"closed","template":"","meta":{"_et_pb_use_builder":"on","_et_pb_old_content":"","_et_gb_content_width":"","footnotes":""},"yoast_head":"<!-- This site is optimized with the Yoast SEO plugin v23.5 - https:\/\/yoast.com\/wordpress\/plugins\/seo\/ -->\n<title>BLOG - AcuNyon - Greg Barnhill<\/title>\n<meta name=\"description\" content=\"Actualit\u00e9s et conseils en lien avec avec la m\u00e9decine et la pens\u00e9e chinoise.\" \/>\n<meta name=\"robots\" content=\"index, follow, max-snippet:-1, max-image-preview:large, max-video-preview:-1\" \/>\n<link rel=\"canonical\" href=\"https:\/\/acunyon.ch\/en\/blog\/\" \/>\n<meta property=\"og:locale\" content=\"en_GB\" \/>\n<meta property=\"og:type\" content=\"article\" \/>\n<meta property=\"og:title\" content=\"BLOG - AcuNyon - Greg Barnhill\" \/>\n<meta property=\"og:description\" content=\"Actualit\u00e9s et conseils en lien avec avec la m\u00e9decine et la pens\u00e9e chinoise.\" \/>\n<meta property=\"og:url\" content=\"https:\/\/acunyon.ch\/en\/blog\/\" \/>\n<meta property=\"og:site_name\" content=\"AcuNyon - Greg Barnhill\" \/>\n<meta property=\"article:publisher\" content=\"https:\/\/www.facebook.com\/acunyon\" \/>\n<meta property=\"article:modified_time\" content=\"2025-02-10T09:48:57+00:00\" \/>\n<meta name=\"twitter:card\" content=\"summary_large_image\" \/>\n<script type=\"application\/ld+json\" class=\"yoast-schema-graph\">{\"@context\":\"https:\/\/schema.org\",\"@graph\":[{\"@type\":\"WebPage\",\"@id\":\"https:\/\/acunyon.ch\/blog\/\",\"url\":\"https:\/\/acunyon.ch\/blog\/\",\"name\":\"BLOG - AcuNyon - Greg Barnhill\",\"isPartOf\":{\"@id\":\"https:\/\/acunyon.ch\/#website\"},\"datePublished\":\"2021-05-26T08:04:03+00:00\",\"dateModified\":\"2025-02-10T09:48:57+00:00\",\"description\":\"Actualit\u00e9s et conseils en lien avec avec la m\u00e9decine et la pens\u00e9e chinoise.\",\"breadcrumb\":{\"@id\":\"https:\/\/acunyon.ch\/blog\/#breadcrumb\"},\"inLanguage\":\"en-GB\",\"potentialAction\":[{\"@type\":\"ReadAction\",\"target\":[\"https:\/\/acunyon.ch\/blog\/\"]}]},{\"@type\":\"BreadcrumbList\",\"@id\":\"https:\/\/acunyon.ch\/blog\/#breadcrumb\",\"itemListElement\":[{\"@type\":\"ListItem\",\"position\":1,\"name\":\"Accueil\",\"item\":\"https:\/\/acunyon.ch\/\"},{\"@type\":\"ListItem\",\"position\":2,\"name\":\"BLOG\"}]},{\"@type\":\"WebSite\",\"@id\":\"https:\/\/acunyon.ch\/#website\",\"url\":\"https:\/\/acunyon.ch\/\",\"name\":\"AcuNyon - Greg Barnhill\",\"description\":\"Acupuncteur \u00e0 Nyon. Agr\u00e9e RME, ASCA, APTN.\",\"publisher\":{\"@id\":\"https:\/\/acunyon.ch\/#organization\"},\"alternateName\":\"AcuNyon\",\"potentialAction\":[{\"@type\":\"SearchAction\",\"target\":{\"@type\":\"EntryPoint\",\"urlTemplate\":\"https:\/\/acunyon.ch\/?s={search_term_string}\"},\"query-input\":{\"@type\":\"PropertyValueSpecification\",\"valueRequired\":true,\"valueName\":\"search_term_string\"}}],\"inLanguage\":\"en-GB\"},{\"@type\":\"Organization\",\"@id\":\"https:\/\/acunyon.ch\/#organization\",\"name\":\"AcuNyon\",\"alternateName\":\"AcuNyon\",\"url\":\"https:\/\/acunyon.ch\/\",\"logo\":{\"@type\":\"ImageObject\",\"inLanguage\":\"en-GB\",\"@id\":\"https:\/\/acunyon.ch\/#\/schema\/logo\/image\/\",\"url\":\"https:\/\/acunyon.ch\/wp-content\/uploads\/2021\/12\/logo-Acunyonnom-centrer-2.svg\",\"contentUrl\":\"https:\/\/acunyon.ch\/wp-content\/uploads\/2021\/12\/logo-Acunyonnom-centrer-2.svg\",\"width\":664,\"height\":501,\"caption\":\"AcuNyon\"},\"image\":{\"@id\":\"https:\/\/acunyon.ch\/#\/schema\/logo\/image\/\"},\"sameAs\":[\"https:\/\/www.facebook.com\/acunyon\",\"https:\/\/www.instagram.com\/acunyon\/\",\"https:\/\/www.linkedin.com\/in\/acunyongregorybarnhill\/\"]}]}<\/script>\n<!-- \/ Yoast SEO plugin. -->","yoast_head_json":{"title":"BLOG - AcuNyon - Greg Barnhill","description":"Actualit\u00e9s et conseils en lien avec avec la m\u00e9decine et la pens\u00e9e chinoise.","robots":{"index":"index","follow":"follow","max-snippet":"max-snippet:-1","max-image-preview":"max-image-preview:large","max-video-preview":"max-video-preview:-1"},"canonical":"https:\/\/acunyon.ch\/en\/blog\/","og_locale":"en_GB","og_type":"article","og_title":"BLOG - AcuNyon - Greg Barnhill","og_description":"Actualit\u00e9s et conseils en lien avec avec la m\u00e9decine et la pens\u00e9e chinoise.","og_url":"https:\/\/acunyon.ch\/en\/blog\/","og_site_name":"AcuNyon - Greg Barnhill","article_publisher":"https:\/\/www.facebook.com\/acunyon","article_modified_time":"2025-02-10T09:48:57+00:00","twitter_card":"summary_large_image","schema":{"@context":"https:\/\/schema.org","@graph":[{"@type":"WebPage","@id":"https:\/\/acunyon.ch\/blog\/","url":"https:\/\/acunyon.ch\/blog\/","name":"BLOG - AcuNyon - Greg Barnhill","isPartOf":{"@id":"https:\/\/acunyon.ch\/#website"},"datePublished":"2021-05-26T08:04:03+00:00","dateModified":"2025-02-10T09:48:57+00:00","description":"Actualit\u00e9s et conseils en lien avec avec la m\u00e9decine et la pens\u00e9e chinoise.","breadcrumb":{"@id":"https:\/\/acunyon.ch\/blog\/#breadcrumb"},"inLanguage":"en-GB","potentialAction":[{"@type":"ReadAction","target":["https:\/\/acunyon.ch\/blog\/"]}]},{"@type":"BreadcrumbList","@id":"https:\/\/acunyon.ch\/blog\/#breadcrumb","itemListElement":[{"@type":"ListItem","position":1,"name":"Accueil","item":"https:\/\/acunyon.ch\/"},{"@type":"ListItem","position":2,"name":"BLOG"}]},{"@type":"WebSite","@id":"https:\/\/acunyon.ch\/#website","url":"https:\/\/acunyon.ch\/","name":"AcuNyon - Greg Barnhill","description":"Acupuncteur \u00e0 Nyon. Agr\u00e9e RME, ASCA, APTN.","publisher":{"@id":"https:\/\/acunyon.ch\/#organization"},"alternateName":"AcuNyon","potentialAction":[{"@type":"SearchAction","target":{"@type":"EntryPoint","urlTemplate":"https:\/\/acunyon.ch\/?s={search_term_string}"},"query-input":{"@type":"PropertyValueSpecification","valueRequired":true,"valueName":"search_term_string"}}],"inLanguage":"en-GB"},{"@type":"Organization","@id":"https:\/\/acunyon.ch\/#organization","name":"AcuNyon","alternateName":"AcuNyon","url":"https:\/\/acunyon.ch\/","logo":{"@type":"ImageObject","inLanguage":"en-GB","@id":"https:\/\/acunyon.ch\/#\/schema\/logo\/image\/","url":"https:\/\/acunyon.ch\/wp-content\/uploads\/2021\/12\/logo-Acunyonnom-centrer-2.svg","contentUrl":"https:\/\/acunyon.ch\/wp-content\/uploads\/2021\/12\/logo-Acunyonnom-centrer-2.svg","width":664,"height":501,"caption":"AcuNyon"},"image":{"@id":"https:\/\/acunyon.ch\/#\/schema\/logo\/image\/"},"sameAs":["https:\/\/www.facebook.com\/acunyon","https:\/\/www.instagram.com\/acunyon\/","https:\/\/www.linkedin.com\/in\/acunyongregorybarnhill\/"]}]}},"_links":{"self":[{"href":"https:\/\/acunyon.ch\/en\/wp-json\/wp\/v2\/pages\/30104"}],"collection":[{"href":"https:\/\/acunyon.ch\/en\/wp-json\/wp\/v2\/pages"}],"about":[{"href":"https:\/\/acunyon.ch\/en\/wp-json\/wp\/v2\/types\/page"}],"author":[{"embeddable":true,"href":"https:\/\/acunyon.ch\/en\/wp-json\/wp\/v2\/users\/1"}],"replies":[{"embeddable":true,"href":"https:\/\/acunyon.ch\/en\/wp-json\/wp\/v2\/comments?post=30104"}],"version-history":[{"count":0,"href":"https:\/\/acunyon.ch\/en\/wp-json\/wp\/v2\/pages\/30104\/revisions"}],"wp:attachment":[{"href":"https:\/\/acunyon.ch\/en\/wp-json\/wp\/v2\/media?parent=30104"}],"curies":[{"name":"wp","href":"https:\/\/api.w.org\/{rel}","templated":true}]}}