{"id":29424,"date":"2021-01-13T11:14:21","date_gmt":"2021-01-13T10:14:21","guid":{"rendered":"https:\/\/greg.acunyon.ch\/?page_id=29424"},"modified":"2022-09-01T15:08:07","modified_gmt":"2022-09-01T13:08:07","slug":"acupuncturetraditionnelle","status":"publish","type":"page","link":"https:\/\/acunyon.ch\/en\/infospratique\/acupuncturetraditionnelle\/","title":{"rendered":"L&rsquo;ACUPUNCTURE TRADITIONNELLE"},"content":{"rendered":"[et_pb_section fb_built=\u00a0\u00bb1&Prime; _builder_version=\u00a0\u00bb4.17.6&Prime; _module_preset=\u00a0\u00bbdefault\u00a0\u00bb background_color=\u00a0\u00bbrgba(160,126,85,0.04)\u00a0\u00bb custom_padding=\u00a0\u00bb0px||34px|||\u00a0\u00bb hover_enabled=\u00a0\u00bb0&Prime; global_colors_info=\u00a0\u00bb{}\u00a0\u00bb sticky_enabled=\u00a0\u00bb0&Prime;][et_pb_row _builder_version=\u00a0\u00bb4.17.6&Prime; _module_preset=\u00a0\u00bbdefault\u00a0\u00bb custom_padding=\u00a0\u00bb58px||62px|||\u00a0\u00bb hover_enabled=\u00a0\u00bb0&Prime; border_width_top=\u00a0\u00bb1px\u00a0\u00bb border_color_top=\u00a0\u00bb#A07E55&Prime; border_color_bottom=\u00a0\u00bb#827663&Prime; global_colors_info=\u00a0\u00bb{}\u00a0\u00bb sticky_enabled=\u00a0\u00bb0&Prime;][et_pb_column type=\u00a0\u00bb4_4&Prime; _builder_version=\u00a0\u00bb4.16&Prime; _module_preset=\u00a0\u00bbdefault\u00a0\u00bb global_colors_info=\u00a0\u00bb{}\u00a0\u00bb][et_pb_text _builder_version=\u00a0\u00bb4.17.6&Prime; _module_preset=\u00a0\u00bbdefault\u00a0\u00bb text_font=\u00a0\u00bb||||||||\u00a0\u00bb text_text_color=\u00a0\u00bb#A07E55&Prime; text_font_size=\u00a0\u00bb30px\u00a0\u00bb text_line_height=\u00a0\u00bb1.1em\u00a0\u00bb header_2_text_color=\u00a0\u00bb#a07e55&Prime; text_orientation=\u00a0\u00bbcenter\u00a0\u00bb hover_enabled=\u00a0\u00bb0&Prime; global_colors_info=\u00a0\u00bb{}\u00a0\u00bb header_text_color=\u00a0\u00bb#A07E55&Prime; header_font_size=\u00a0\u00bb36px\u00a0\u00bb sticky_enabled=\u00a0\u00bb0&Prime; header_line_height=\u00a0\u00bb1.3em\u00a0\u00bb]<h1 style=\"text-align: center;\">Traditional Acupuncture<\/h1>[\/et_pb_text][\/et_pb_column][\/et_pb_row][et_pb_row column_structure=\u00a0\u00bb2_5,3_5&Prime; use_custom_gutter=\u00a0\u00bbon\u00a0\u00bb gutter_width=\u00a0\u00bb2&Prime; make_equal=\u00a0\u00bbon\u00a0\u00bb _builder_version=\u00a0\u00bb4.16&Prime; _module_preset=\u00a0\u00bbdefault\u00a0\u00bb custom_margin=\u00a0\u00bb-7px|auto||auto||\u00a0\u00bb custom_margin_tablet=\u00a0\u00bb\u00a0\u00bb custom_margin_phone=\u00a0\u00bb\u00a0\u00bb custom_margin_last_edited=\u00a0\u00bbon|tablet\u00a0\u00bb custom_padding=\u00a0\u00bb||50px||false|false\u00a0\u00bb scroll_fade=\u00a0\u00bb20|70|70|100|20%|70%|100%\u00a0\u00bb border_color_all=\u00a0\u00bb#A07E55&Prime; global_colors_info=\u00a0\u00bb{}\u00a0\u00bb][et_pb_column type=\u00a0\u00bb2_5&Prime; _builder_version=\u00a0\u00bb4.16&Prime; _module_preset=\u00a0\u00bbdefault\u00a0\u00bb global_colors_info=\u00a0\u00bb{}\u00a0\u00bb][et_pb_image src=\u00a0\u00bbhttps:\/\/greg.acunyon.ch\/wp-content\/uploads\/2021\/01\/Meridien-de-reins1.jpg\u00a0\u00bb title_text=\u00a0\u00bbM\u00e9ridien-de-reins1&Prime; align=\u00a0\u00bbcenter\u00a0\u00bb _builder_version=\u00a0\u00bb4.16&Prime; _module_preset=\u00a0\u00bbdefault\u00a0\u00bb transform_scale=\u00a0\u00bb110%|110%\u00a0\u00bb transform_translate=\u00a0\u00bb-10px|10px\u00a0\u00bb transform_translate_linked=\u00a0\u00bboff\u00a0\u00bb width=\u00a0\u00bb100%\u00a0\u00bb min_height=\u00a0\u00bb384px\u00a0\u00bb height=\u00a0\u00bb384px\u00a0\u00bb max_height=\u00a0\u00bb1000px\u00a0\u00bb custom_margin=\u00a0\u00bb||27px|||\u00a0\u00bb border_radii=\u00a0\u00bbon|6px|6px|6px|6px\u00a0\u00bb box_shadow_style=\u00a0\u00bbpreset2&Prime; global_colors_info=\u00a0\u00bb{}\u00a0\u00bb][\/et_pb_image][\/et_pb_column][et_pb_column type=\u00a0\u00bb3_5&Prime; _builder_version=\u00a0\u00bb4.16&Prime; _module_preset=\u00a0\u00bbdefault\u00a0\u00bb custom_css_main_element=\u00a0\u00bbmargin:auto;\u00a0\u00bb global_colors_info=\u00a0\u00bb{}\u00a0\u00bb][et_pb_text _builder_version=\u00a0\u00bb4.16&Prime; _module_preset=\u00a0\u00bbdefault\u00a0\u00bb text_font=\u00a0\u00bb||||||||\u00a0\u00bb text_text_color=\u00a0\u00bb#827663&Prime; text_font_size=\u00a0\u00bb16px\u00a0\u00bb text_orientation=\u00a0\u00bbjustified\u00a0\u00bb custom_margin=\u00a0\u00bb||0px|0px|false|false\u00a0\u00bb custom_padding=\u00a0\u00bb||10px|0px|false|false\u00a0\u00bb hover_enabled=\u00a0\u00bb0&Prime; border_color_all=\u00a0\u00bb#666666&Prime; border_color_bottom=\u00a0\u00bb#827663&Prime; global_colors_info=\u00a0\u00bb{}\u00a0\u00bb sticky_enabled=\u00a0\u00bb0&Prime;]<p style=\"text-align: left;\">The power of Traditional Acupuncture lies, above all, in its ability to<strong>approach the person as an energetic whole<\/strong> and not by pathology in the Western medical sense (each patient benefits from a <strong>personalized energy rebalancing)<\/strong> ; through this principle, it successfully complements medical care in the treatment of many modern Western diseases: for example, musculoskeletal and organic disorders, psychology, and mental disorders generated by our modern society (stress, malaise, etc.).<\/p>[\/et_pb_text][\/et_pb_column][\/et_pb_row][et_pb_row column_structure=\u00a0\u00bb3_5,2_5&Prime; make_equal=\u00a0\u00bbon\u00a0\u00bb module_class=\u00a0\u00bbcustom_row\u00a0\u00bb _builder_version=\u00a0\u00bb4.16&Prime; _module_preset=\u00a0\u00bbdefault\u00a0\u00bb custom_padding=\u00a0\u00bb0px|||||\u00a0\u00bb motion_trigger_start=\u00a0\u00bbtop\u00a0\u00bb global_colors_info=\u00a0\u00bb{}\u00a0\u00bb][et_pb_column type=\u00a0\u00bb3_5&Prime; module_class=\u00a0\u00bbsecond-on-mobile\u00a0\u00bb _builder_version=\u00a0\u00bb4.16&Prime; _module_preset=\u00a0\u00bbdefault\u00a0\u00bb custom_css_main_element=\u00a0\u00bbmargin:auto;\u00a0\u00bb global_colors_info=\u00a0\u00bb{}\u00a0\u00bb][et_pb_text _builder_version=\u00a0\u00bb4.16&Prime; _module_preset=\u00a0\u00bbdefault\u00a0\u00bb text_font=\u00a0\u00bb||||||||\u00a0\u00bb text_text_color=\u00a0\u00bb#827663&Prime; text_font_size=\u00a0\u00bb16px\u00a0\u00bb text_orientation=\u00a0\u00bbjustified\u00a0\u00bb custom_margin=\u00a0\u00bb||0px|0px|false|false\u00a0\u00bb custom_padding=\u00a0\u00bb||10px|0px|false|false\u00a0\u00bb scroll_fade_enable=\u00a0\u00bbon\u00a0\u00bb scroll_fade=\u00a0\u00bb8|50|50|100|0|100|100&Prime; border_color_all=\u00a0\u00bb#666666&Prime; border_color_bottom=\u00a0\u00bb#827663&Prime; border_color_left=\u00a0\u00bb#827663&Prime; global_colors_info=\u00a0\u00bb{}\u00a0\u00bb]<p style=\"text-align: left;\">Traditional acupuncture is primarily intended for <strong>preventive action<\/strong>, as part of the <strong>maintenance of well-being<\/strong>, healthy living (mental, emotional, or physical), but it also plays a remarkable role in the treatment of medically declared and diagnosed pathologies, and in<strong> complementing Western medicine.<\/strong>.<\/p>[\/et_pb_text][\/et_pb_column][et_pb_column type=\u00a0\u00bb2_5&Prime; module_class=\u00a0\u00bbfirst-on-mobile\u00a0\u00bb _builder_version=\u00a0\u00bb4.16&Prime; _module_preset=\u00a0\u00bbdefault\u00a0\u00bb global_colors_info=\u00a0\u00bb{}\u00a0\u00bb][et_pb_image src=\u00a0\u00bbhttps:\/\/greg.acunyon.ch\/wp-content\/uploads\/2021\/01\/Meridien-de-coeur1.jpg\u00a0\u00bb title_text=\u00a0\u00bbM\u00e9ridien-de-coeur1&Prime; align=\u00a0\u00bbcenter\u00a0\u00bb _builder_version=\u00a0\u00bb4.16&Prime; _module_preset=\u00a0\u00bbdefault\u00a0\u00bb transform_scale=\u00a0\u00bb110%|110%\u00a0\u00bb transform_translate=\u00a0\u00bb-10px|10px\u00a0\u00bb transform_translate_linked=\u00a0\u00bboff\u00a0\u00bb min_height=\u00a0\u00bb384px\u00a0\u00bb height=\u00a0\u00bb384px\u00a0\u00bb custom_margin=\u00a0\u00bb||27px|||\u00a0\u00bb scroll_fade_enable=\u00a0\u00bbon\u00a0\u00bb scroll_fade=\u00a0\u00bb15|50|50|100|0|100|100&Prime; box_shadow_style=\u00a0\u00bbpreset2&Prime; global_colors_info=\u00a0\u00bb{}\u00a0\u00bb width=\u00a0\u00bb100%\u00a0\u00bb max_height=\u00a0\u00bb1000px\u00a0\u00bb border_radii=\u00a0\u00bbon|6px|6px|6px|6px\u00a0\u00bb][\/et_pb_image][\/et_pb_column][\/et_pb_row][\/et_pb_section]","protected":false},"excerpt":{"rendered":"<p>L&rsquo;Acupuncture TraditionnelleLa puissance de l&rsquo;Acupuncture Traditionnelle\u00a0est, avant tout, d&rsquo;aborder la personne dans son ensemble \u00e9nerg\u00e9tique et non par la pathologie au sens m\u00e9dical occidental (chaque patient\u00a0b\u00e9n\u00e9ficie d&rsquo;une r\u00e9\u00e9quilibration \u00e9nerg\u00e9tique personnalis\u00e9e); \u00e0 travers ce principe, elle participe, avec succ\u00e8s et en compl\u00e9ment des soins m\u00e9dicaux, au traitement de nombreuses maladies modernes occidentales: par exemple, appareils locomoteur [&hellip;]<\/p>","protected":false},"author":1,"featured_media":0,"parent":28880,"menu_order":0,"comment_status":"closed","ping_status":"closed","template":"","meta":{"_et_pb_use_builder":"on","_et_pb_old_content":"","_et_gb_content_width":"","footnotes":""},"yoast_head":"<!-- This site is optimized with the Yoast SEO plugin v23.5 - https:\/\/yoast.com\/wordpress\/plugins\/seo\/ -->\n<title>L&#039;ACUPUNCTURE TRADITIONNELLE - AcuNyon - Greg Barnhill<\/title>\n<meta name=\"description\" content=\"La puissance de l\u2019Acupuncture Traditionnelle est, avant tout, d\u2019aborder la personne dans son ensemble \u00e9nerg\u00e9tique et non par la pathologie au sens m\u00e9dical occidental (chaque patient b\u00e9n\u00e9ficie d\u2019une r\u00e9\u00e9quilibration \u00e9nerg\u00e9tique personnalis\u00e9e)\" \/>\n<meta name=\"robots\" content=\"index, follow, max-snippet:-1, max-image-preview:large, max-video-preview:-1\" \/>\n<link rel=\"canonical\" href=\"https:\/\/acunyon.ch\/en\/infospratique\/acupuncturetraditionnelle\/\" \/>\n<meta property=\"og:locale\" content=\"en_GB\" \/>\n<meta property=\"og:type\" content=\"article\" \/>\n<meta property=\"og:title\" content=\"L&#039;ACUPUNCTURE TRADITIONNELLE - AcuNyon - Greg Barnhill\" \/>\n<meta property=\"og:description\" content=\"La puissance de l\u2019Acupuncture Traditionnelle est, avant tout, d\u2019aborder la personne dans son ensemble \u00e9nerg\u00e9tique et non par la pathologie au sens m\u00e9dical occidental (chaque patient b\u00e9n\u00e9ficie d\u2019une r\u00e9\u00e9quilibration \u00e9nerg\u00e9tique personnalis\u00e9e)\" \/>\n<meta property=\"og:url\" content=\"https:\/\/acunyon.ch\/en\/infospratique\/acupuncturetraditionnelle\/\" \/>\n<meta property=\"og:site_name\" content=\"AcuNyon - Greg Barnhill\" \/>\n<meta property=\"article:publisher\" content=\"https:\/\/www.facebook.com\/acunyon\" \/>\n<meta property=\"article:modified_time\" content=\"2022-09-01T13:08:07+00:00\" \/>\n<meta name=\"twitter:card\" content=\"summary_large_image\" \/>\n<script type=\"application\/ld+json\" class=\"yoast-schema-graph\">{\"@context\":\"https:\/\/schema.org\",\"@graph\":[{\"@type\":\"WebPage\",\"@id\":\"https:\/\/acunyon.ch\/infospratique\/acupuncturetraditionnelle\/\",\"url\":\"https:\/\/acunyon.ch\/infospratique\/acupuncturetraditionnelle\/\",\"name\":\"L'ACUPUNCTURE TRADITIONNELLE - AcuNyon - Greg Barnhill\",\"isPartOf\":{\"@id\":\"https:\/\/acunyon.ch\/#website\"},\"datePublished\":\"2021-01-13T10:14:21+00:00\",\"dateModified\":\"2022-09-01T13:08:07+00:00\",\"description\":\"La puissance de l\u2019Acupuncture Traditionnelle est, avant tout, d\u2019aborder la personne dans son ensemble \u00e9nerg\u00e9tique et non par la pathologie au sens m\u00e9dical occidental (chaque patient b\u00e9n\u00e9ficie d\u2019une r\u00e9\u00e9quilibration \u00e9nerg\u00e9tique personnalis\u00e9e)\",\"breadcrumb\":{\"@id\":\"https:\/\/acunyon.ch\/infospratique\/acupuncturetraditionnelle\/#breadcrumb\"},\"inLanguage\":\"en-GB\",\"potentialAction\":[{\"@type\":\"ReadAction\",\"target\":[\"https:\/\/acunyon.ch\/infospratique\/acupuncturetraditionnelle\/\"]}]},{\"@type\":\"BreadcrumbList\",\"@id\":\"https:\/\/acunyon.ch\/infospratique\/acupuncturetraditionnelle\/#breadcrumb\",\"itemListElement\":[{\"@type\":\"ListItem\",\"position\":1,\"name\":\"Accueil\",\"item\":\"https:\/\/acunyon.ch\/\"},{\"@type\":\"ListItem\",\"position\":2,\"name\":\"INFOS PRATIQUE\",\"item\":\"https:\/\/acunyon.ch\/infospratique\/\"},{\"@type\":\"ListItem\",\"position\":3,\"name\":\"L&rsquo;ACUPUNCTURE TRADITIONNELLE\"}]},{\"@type\":\"WebSite\",\"@id\":\"https:\/\/acunyon.ch\/#website\",\"url\":\"https:\/\/acunyon.ch\/\",\"name\":\"AcuNyon - Greg Barnhill\",\"description\":\"Acupuncteur \u00e0 Nyon. Agr\u00e9e RME, ASCA, APTN.\",\"publisher\":{\"@id\":\"https:\/\/acunyon.ch\/#organization\"},\"alternateName\":\"AcuNyon\",\"potentialAction\":[{\"@type\":\"SearchAction\",\"target\":{\"@type\":\"EntryPoint\",\"urlTemplate\":\"https:\/\/acunyon.ch\/?s={search_term_string}\"},\"query-input\":{\"@type\":\"PropertyValueSpecification\",\"valueRequired\":true,\"valueName\":\"search_term_string\"}}],\"inLanguage\":\"en-GB\"},{\"@type\":\"Organization\",\"@id\":\"https:\/\/acunyon.ch\/#organization\",\"name\":\"AcuNyon\",\"alternateName\":\"AcuNyon\",\"url\":\"https:\/\/acunyon.ch\/\",\"logo\":{\"@type\":\"ImageObject\",\"inLanguage\":\"en-GB\",\"@id\":\"https:\/\/acunyon.ch\/#\/schema\/logo\/image\/\",\"url\":\"https:\/\/acunyon.ch\/wp-content\/uploads\/2021\/12\/logo-Acunyonnom-centrer-2.svg\",\"contentUrl\":\"https:\/\/acunyon.ch\/wp-content\/uploads\/2021\/12\/logo-Acunyonnom-centrer-2.svg\",\"width\":664,\"height\":501,\"caption\":\"AcuNyon\"},\"image\":{\"@id\":\"https:\/\/acunyon.ch\/#\/schema\/logo\/image\/\"},\"sameAs\":[\"https:\/\/www.facebook.com\/acunyon\",\"https:\/\/www.instagram.com\/acunyon\/\",\"https:\/\/www.linkedin.com\/in\/acunyongregorybarnhill\/\"]}]}<\/script>\n<!-- \/ Yoast SEO plugin. -->","yoast_head_json":{"title":"L'ACUPUNCTURE TRADITIONNELLE - AcuNyon - Greg Barnhill","description":"La puissance de l\u2019Acupuncture Traditionnelle est, avant tout, d\u2019aborder la personne dans son ensemble \u00e9nerg\u00e9tique et non par la pathologie au sens m\u00e9dical occidental (chaque patient b\u00e9n\u00e9ficie d\u2019une r\u00e9\u00e9quilibration \u00e9nerg\u00e9tique personnalis\u00e9e)","robots":{"index":"index","follow":"follow","max-snippet":"max-snippet:-1","max-image-preview":"max-image-preview:large","max-video-preview":"max-video-preview:-1"},"canonical":"https:\/\/acunyon.ch\/en\/infospratique\/acupuncturetraditionnelle\/","og_locale":"en_GB","og_type":"article","og_title":"L'ACUPUNCTURE TRADITIONNELLE - AcuNyon - Greg Barnhill","og_description":"La puissance de l\u2019Acupuncture Traditionnelle est, avant tout, d\u2019aborder la personne dans son ensemble \u00e9nerg\u00e9tique et non par la pathologie au sens m\u00e9dical occidental (chaque patient b\u00e9n\u00e9ficie d\u2019une r\u00e9\u00e9quilibration \u00e9nerg\u00e9tique personnalis\u00e9e)","og_url":"https:\/\/acunyon.ch\/en\/infospratique\/acupuncturetraditionnelle\/","og_site_name":"AcuNyon - Greg Barnhill","article_publisher":"https:\/\/www.facebook.com\/acunyon","article_modified_time":"2022-09-01T13:08:07+00:00","twitter_card":"summary_large_image","schema":{"@context":"https:\/\/schema.org","@graph":[{"@type":"WebPage","@id":"https:\/\/acunyon.ch\/infospratique\/acupuncturetraditionnelle\/","url":"https:\/\/acunyon.ch\/infospratique\/acupuncturetraditionnelle\/","name":"L'ACUPUNCTURE TRADITIONNELLE - AcuNyon - Greg Barnhill","isPartOf":{"@id":"https:\/\/acunyon.ch\/#website"},"datePublished":"2021-01-13T10:14:21+00:00","dateModified":"2022-09-01T13:08:07+00:00","description":"La puissance de l\u2019Acupuncture Traditionnelle est, avant tout, d\u2019aborder la personne dans son ensemble \u00e9nerg\u00e9tique et non par la pathologie au sens m\u00e9dical occidental (chaque patient b\u00e9n\u00e9ficie d\u2019une r\u00e9\u00e9quilibration \u00e9nerg\u00e9tique personnalis\u00e9e)","breadcrumb":{"@id":"https:\/\/acunyon.ch\/infospratique\/acupuncturetraditionnelle\/#breadcrumb"},"inLanguage":"en-GB","potentialAction":[{"@type":"ReadAction","target":["https:\/\/acunyon.ch\/infospratique\/acupuncturetraditionnelle\/"]}]},{"@type":"BreadcrumbList","@id":"https:\/\/acunyon.ch\/infospratique\/acupuncturetraditionnelle\/#breadcrumb","itemListElement":[{"@type":"ListItem","position":1,"name":"Accueil","item":"https:\/\/acunyon.ch\/"},{"@type":"ListItem","position":2,"name":"INFOS PRATIQUE","item":"https:\/\/acunyon.ch\/infospratique\/"},{"@type":"ListItem","position":3,"name":"L&rsquo;ACUPUNCTURE TRADITIONNELLE"}]},{"@type":"WebSite","@id":"https:\/\/acunyon.ch\/#website","url":"https:\/\/acunyon.ch\/","name":"AcuNyon - Greg Barnhill","description":"Acupuncteur \u00e0 Nyon. Agr\u00e9e RME, ASCA, APTN.","publisher":{"@id":"https:\/\/acunyon.ch\/#organization"},"alternateName":"AcuNyon","potentialAction":[{"@type":"SearchAction","target":{"@type":"EntryPoint","urlTemplate":"https:\/\/acunyon.ch\/?s={search_term_string}"},"query-input":{"@type":"PropertyValueSpecification","valueRequired":true,"valueName":"search_term_string"}}],"inLanguage":"en-GB"},{"@type":"Organization","@id":"https:\/\/acunyon.ch\/#organization","name":"AcuNyon","alternateName":"AcuNyon","url":"https:\/\/acunyon.ch\/","logo":{"@type":"ImageObject","inLanguage":"en-GB","@id":"https:\/\/acunyon.ch\/#\/schema\/logo\/image\/","url":"https:\/\/acunyon.ch\/wp-content\/uploads\/2021\/12\/logo-Acunyonnom-centrer-2.svg","contentUrl":"https:\/\/acunyon.ch\/wp-content\/uploads\/2021\/12\/logo-Acunyonnom-centrer-2.svg","width":664,"height":501,"caption":"AcuNyon"},"image":{"@id":"https:\/\/acunyon.ch\/#\/schema\/logo\/image\/"},"sameAs":["https:\/\/www.facebook.com\/acunyon","https:\/\/www.instagram.com\/acunyon\/","https:\/\/www.linkedin.com\/in\/acunyongregorybarnhill\/"]}]}},"_links":{"self":[{"href":"https:\/\/acunyon.ch\/en\/wp-json\/wp\/v2\/pages\/29424"}],"collection":[{"href":"https:\/\/acunyon.ch\/en\/wp-json\/wp\/v2\/pages"}],"about":[{"href":"https:\/\/acunyon.ch\/en\/wp-json\/wp\/v2\/types\/page"}],"author":[{"embeddable":true,"href":"https:\/\/acunyon.ch\/en\/wp-json\/wp\/v2\/users\/1"}],"replies":[{"embeddable":true,"href":"https:\/\/acunyon.ch\/en\/wp-json\/wp\/v2\/comments?post=29424"}],"version-history":[{"count":0,"href":"https:\/\/acunyon.ch\/en\/wp-json\/wp\/v2\/pages\/29424\/revisions"}],"up":[{"embeddable":true,"href":"https:\/\/acunyon.ch\/en\/wp-json\/wp\/v2\/pages\/28880"}],"wp:attachment":[{"href":"https:\/\/acunyon.ch\/en\/wp-json\/wp\/v2\/media?parent=29424"}],"curies":[{"name":"wp","href":"https:\/\/api.w.org\/{rel}","templated":true}]}}