{"id":29238,"date":"2020-11-29T12:15:15","date_gmt":"2020-11-29T11:15:15","guid":{"rendered":"https:\/\/greg.acunyon.ch\/?page_id=29238"},"modified":"2024-05-12T12:08:15","modified_gmt":"2024-05-12T10:08:15","slug":"liens-utiles","status":"publish","type":"page","link":"https:\/\/acunyon.ch\/en\/infospratique\/liens-utiles\/","title":{"rendered":"LINKS"},"content":{"rendered":"<p>[et_pb_section fb_built=\u00a0\u00bb1&Prime; _builder_version=\u00a0\u00bb4.17.6&Prime; _module_preset=\u00a0\u00bbdefault\u00a0\u00bb background_color=\u00a0\u00bbrgba(160,126,85,0.04)\u00a0\u00bb custom_padding=\u00a0\u00bb0px|||||\u00a0\u00bb global_colors_info=\u00a0\u00bb{}\u00a0\u00bb][et_pb_row _builder_version=\u00a0\u00bb4.16&Prime; _module_preset=\u00a0\u00bbdefault\u00a0\u00bb custom_padding=\u00a0\u00bb58px||62px|||\u00a0\u00bb border_width_top=\u00a0\u00bb1px\u00a0\u00bb border_color_top=\u00a0\u00bb#A07E55&Prime; border_color_bottom=\u00a0\u00bb#827663&Prime; global_colors_info=\u00a0\u00bb{}\u00a0\u00bb][et_pb_column type=\u00a0\u00bb4_4&Prime; _builder_version=\u00a0\u00bb4.16&Prime; _module_preset=\u00a0\u00bbdefault\u00a0\u00bb global_colors_info=\u00a0\u00bb{}\u00a0\u00bb][et_pb_text _builder_version=\u00a0\u00bb4.17.6&Prime; _module_preset=\u00a0\u00bbdefault\u00a0\u00bb text_font=\u00a0\u00bb|800|||||||\u00a0\u00bb text_text_color=\u00a0\u00bb#A07E55&Prime; text_font_size=\u00a0\u00bb25px\u00a0\u00bb header_text_color=\u00a0\u00bb#A07E55&Prime; header_font_size=\u00a0\u00bb36px\u00a0\u00bb header_2_text_color=\u00a0\u00bb#A07E55&Prime; header_4_text_color=\u00a0\u00bb#A07E55&Prime; text_orientation=\u00a0\u00bbcenter\u00a0\u00bb custom_margin=\u00a0\u00bb||12px|||\u00a0\u00bb global_colors_info=\u00a0\u00bb{}\u00a0\u00bb]<\/p>\n<h1>Useful links<\/h1>\n<p>[\/et_pb_text][\/et_pb_column][\/et_pb_row][et_pb_row column_structure=\u00a0\u00bb1_2,1_2&Prime; use_custom_gutter=\u00a0\u00bbon\u00a0\u00bb gutter_width=\u00a0\u00bb1&Prime; make_equal=\u00a0\u00bbon\u00a0\u00bb _builder_version=\u00a0\u00bb4.16&Prime; _module_preset=\u00a0\u00bbdefault\u00a0\u00bb global_colors_info=\u00a0\u00bb{}\u00a0\u00bb][et_pb_column type=\u00a0\u00bb1_2&Prime; _builder_version=\u00a0\u00bb4.16&Prime; _module_preset=\u00a0\u00bbdefault\u00a0\u00bb global_colors_info=\u00a0\u00bb{}\u00a0\u00bb][et_pb_text _builder_version=\u00a0\u00bb4.16&Prime; _module_preset=\u00a0\u00bbdefault\u00a0\u00bb header_3_text_color=\u00a0\u00bb#A07E55&Prime; header_3_font_size=\u00a0\u00bb18px\u00a0\u00bb header_4_text_color=\u00a0\u00bb#A07E55&Prime; custom_margin=\u00a0\u00bb||12px|||\u00a0\u00bb global_colors_info=\u00a0\u00bb{}\u00a0\u00bb]<\/p>\n<h3><strong>Schools &amp; Courses<\/strong><\/h3>\n<p>[\/et_pb_text][et_pb_text _builder_version=\u00a0\u00bb4.16&Prime; _module_preset=\u00a0\u00bbdefault\u00a0\u00bb header_4_text_color=\u00a0\u00bb#A07E55&Prime; custom_margin=\u00a0\u00bb||12px|||\u00a0\u00bb global_colors_info=\u00a0\u00bb{}\u00a0\u00bb]<\/p>\n<p><a href=\"http:\/\/www.acupuncture-ieatc.com\" target=\"_blank\" rel=\"noopener noreferrer\" title=\"IEATC FRANCE\">IEATC FRANCE<\/a><\/p>\n<p><a href=\"https:\/\/www.acupuncture-formation.ch\" target=\"_blank\" rel=\"noopener noreferrer\" title=\"IEATC SUISSE\">IEATC SUISSE<\/a><\/p>\n<p><a href=\"https:\/\/essr.ch\" target=\"_blank\" rel=\"noopener noreferrer\">\u00c9COLE DE SANT\u00c9 DE SUISSE ROMANDE (ESSR)<\/a><\/p>\n<p>&nbsp;<\/p>\n<p>[\/et_pb_text][et_pb_text _builder_version=\u00a0\u00bb4.16&Prime; _module_preset=\u00a0\u00bbdefault\u00a0\u00bb header_3_text_color=\u00a0\u00bb#A07E55&Prime; header_3_font_size=\u00a0\u00bb18px\u00a0\u00bb header_4_text_color=\u00a0\u00bb#A07E55&Prime; custom_margin=\u00a0\u00bb||12px|||\u00a0\u00bb global_colors_info=\u00a0\u00bb{}\u00a0\u00bb]<\/p>\n<h3><strong>Clinics and Therapists<\/strong><\/h3>\n<p>[\/et_pb_text][et_pb_text _builder_version=\u00a0\u00bb4.25.1&Prime; _module_preset=\u00a0\u00bbdefault\u00a0\u00bb header_4_text_color=\u00a0\u00bb#A07E55&Prime; custom_margin=\u00a0\u00bb||12px|||\u00a0\u00bb hover_enabled=\u00a0\u00bb0&Prime; global_colors_info=\u00a0\u00bb{}\u00a0\u00bb sticky_enabled=\u00a0\u00bb0&Prime;]<\/p>\n<p><a href=\"https:\/\/www.lamanna-massage.ch\" target=\"_blank\" rel=\"noopener\" title=\"Jennifer Binoth Massage\">JENNIFER BINOTH &#8211; LaManna massage m\u00e9dical (Nyon)<\/a><\/p>\n<p><a href=\"https:\/\/osteo-nyon.ch\" title=\"Tanguy Bertrand ost\u00e9opathe\">TANGUY BERTRAND &#8211; Ost\u00e9opathe (Nyon)<\/a><\/p>\n<p><a href=\"https:\/\/www.energiedes3oeuvres.ch\">\u00c9NERGIE des 3 OEUVRES (Gen\u00e8ve)<\/a><\/p>\n<p><a href=\"https:\/\/acupuncteurlausanne.ch\" target=\"_blank\" rel=\"noopener noreferrer\">JULIEN FERLA &#8211; Acupuncteur (Lausanne)<\/a><\/p>\n<p><a href=\"https:\/\/ortherapies14.ch\" target=\"_blank\" rel=\"noopener noreferrer\" title=\"OrTh\u00e9rapies14 Fribourg\">ORTHERAPIES14 (Fribourg)<\/a><\/p>\n<p>&nbsp;<\/p>\n<p>[\/et_pb_text][et_pb_text _builder_version=\u00a0\u00bb4.16&Prime; _module_preset=\u00a0\u00bbdefault\u00a0\u00bb header_3_text_color=\u00a0\u00bb#A07E55&Prime; header_3_font_size=\u00a0\u00bb18px\u00a0\u00bb header_4_text_color=\u00a0\u00bb#A07E55&Prime; custom_margin=\u00a0\u00bb||12px|||\u00a0\u00bb global_colors_info=\u00a0\u00bb{}\u00a0\u00bb]<\/p>\n<h3><strong>Others<\/strong><\/h3>\n<p>[\/et_pb_text][et_pb_text _builder_version=\u00a0\u00bb4.17.6&Prime; _module_preset=\u00a0\u00bbdefault\u00a0\u00bb header_4_text_color=\u00a0\u00bb#A07E55&Prime; custom_margin=\u00a0\u00bb||12px|||\u00a0\u00bb global_colors_info=\u00a0\u00bb{}\u00a0\u00bb]<\/p>\n<p><a href=\"https:\/\/www.ieatc-suisse-alumni.com\" target=\"_blank\" rel=\"noopener noreferrer\" title=\"IEATC SUISSE ALUMNI\">IEATC SUISSE ALUMNI<\/a><\/p>\n<p><a href=\"https:\/\/acupuncteurlausanne.ch\" target=\"_blank\" rel=\"noopener noreferrer\"><\/a><a href=\"http:\/\/www.asca.ch\" target=\"_blank\" rel=\"noopener noreferrer\" title=\"ASCA\">FONDATION ASCA<\/a><\/p>\n<p><a href=\"http:\/\/aptn.ch\" target=\"_blank\" rel=\"noopener noreferrer\" title=\"APTN\">APTN &#8211; ASSOCIATION DES PRATICIENS EN THERAPIES NATURELLES\u00a0<\/a><\/p>\n<p><a href=\"https:\/\/www.rme.ch\" title=\"RME\" target=\"_blank\" rel=\"noopener\">RME &#8211; REGISTRE DE M\u00c9DECINE EMPIRIQUE<\/a><\/p>\n<p><a href=\"https:\/\/www.chineancienne.fr\" target=\"_blank\" rel=\"noopener noreferrer\">CHINE ANCIENNE<\/a><\/p>\n<p><a href=\"https:\/\/chinatrading.ch\/fr\/?___from_store=de\" target=\"_blank\" rel=\"noopener noreferrer\">CCT &#8211; CHINA TCM TRADING<\/a><\/p>\n<p><a href=\"https:\/\/www.acupuncture-direct.eu\/index.php\" target=\"_blank\" rel=\"noopener noreferrer\">MARCO POLO<\/a><\/p>\n<p><a href=\"https:\/\/www.onedoc.ch\/fr\/\" target=\"_blank\" rel=\"noopener noreferrer\" title=\"OneDoc\">ONEDOC<\/a><\/p>\n<p>[\/et_pb_text][\/et_pb_column][et_pb_column type=\u00a0\u00bb1_2&Prime; _builder_version=\u00a0\u00bb4.16&Prime; _module_preset=\u00a0\u00bbdefault\u00a0\u00bb global_colors_info=\u00a0\u00bb{}\u00a0\u00bb][et_pb_image src=\u00a0\u00bbhttps:\/\/greg.acunyon.ch\/wp-content\/uploads\/2020\/11\/acupuncture-2956847_1920.jpg\u00a0\u00bb alt=\u00a0\u00bbGautama Buddha statue\u00a0\u00bb title_text=\u00a0\u00bbacupuncture-2956847_1920&Prime; align=\u00a0\u00bbcenter\u00a0\u00bb _builder_version=\u00a0\u00bb4.16&Prime; _module_preset=\u00a0\u00bbdefault\u00a0\u00bb global_colors_info=\u00a0\u00bb{}\u00a0\u00bb][\/et_pb_image][\/et_pb_column][\/et_pb_row][\/et_pb_section]<\/p>","protected":false},"excerpt":{"rendered":"<p>Liens utiles\u00c9coles &amp; FormationsIEATC FRANCE IEATC SUISSE \u00c9COLE DE SANT\u00c9 DE SUISSE ROMANDE (ESSR) &nbsp;Cabinets et Th\u00e9rapeutesJENNIFER BINOTH &#8211; LaManna massage m\u00e9dical (Nyon) TANGUY BERTRAND &#8211; Ost\u00e9opathe (Nyon) \u00c9NERGIE des 3 OEUVRES (Gen\u00e8ve) JULIEN FERLA &#8211; Acupuncteur (Lausanne) ORTHERAPIES14 (Fribourg) &nbsp;AutresIEATC SUISSE ALUMNI FONDATION ASCA APTN &#8211; ASSOCIATION DES PRATICIENS EN THERAPIES NATURELLES\u00a0 RME &#8211; [&hellip;]<\/p>","protected":false},"author":1,"featured_media":0,"parent":28880,"menu_order":4,"comment_status":"closed","ping_status":"closed","template":"","meta":{"_et_pb_use_builder":"on","_et_pb_old_content":"","_et_gb_content_width":"","footnotes":""},"yoast_head":"<!-- This site is optimized with the Yoast SEO plugin v23.5 - https:\/\/yoast.com\/wordpress\/plugins\/seo\/ -->\n<title>LIENS UTILES - AcuNyon - Greg Barnhill<\/title>\n<meta name=\"description\" content=\"Vous trouverez les diff\u00e9rentes structures ou partenaires avec lesquels je suis, ou j&#039;ai \u00e9t\u00e9 en relations.\" \/>\n<meta name=\"robots\" content=\"index, follow, max-snippet:-1, max-image-preview:large, max-video-preview:-1\" \/>\n<link rel=\"canonical\" href=\"https:\/\/acunyon.ch\/en\/infospratique\/liens-utiles\/\" \/>\n<meta property=\"og:locale\" content=\"en_GB\" \/>\n<meta property=\"og:type\" content=\"article\" \/>\n<meta property=\"og:title\" content=\"LIENS UTILES - AcuNyon - Greg Barnhill\" \/>\n<meta property=\"og:description\" content=\"Vous trouverez les diff\u00e9rentes structures ou partenaires avec lesquels je suis, ou j&#039;ai \u00e9t\u00e9 en relations.\" \/>\n<meta property=\"og:url\" content=\"https:\/\/acunyon.ch\/en\/infospratique\/liens-utiles\/\" \/>\n<meta property=\"og:site_name\" content=\"AcuNyon - Greg Barnhill\" \/>\n<meta property=\"article:publisher\" content=\"https:\/\/www.facebook.com\/acunyon\" \/>\n<meta property=\"article:modified_time\" content=\"2024-05-12T10:08:15+00:00\" \/>\n<meta name=\"twitter:card\" content=\"summary_large_image\" \/>\n<script type=\"application\/ld+json\" class=\"yoast-schema-graph\">{\"@context\":\"https:\/\/schema.org\",\"@graph\":[{\"@type\":\"WebPage\",\"@id\":\"https:\/\/acunyon.ch\/infospratique\/liens-utiles\/\",\"url\":\"https:\/\/acunyon.ch\/infospratique\/liens-utiles\/\",\"name\":\"LIENS UTILES - AcuNyon - Greg Barnhill\",\"isPartOf\":{\"@id\":\"https:\/\/acunyon.ch\/#website\"},\"datePublished\":\"2020-11-29T11:15:15+00:00\",\"dateModified\":\"2024-05-12T10:08:15+00:00\",\"description\":\"Vous trouverez les diff\u00e9rentes structures ou partenaires avec lesquels je suis, ou j'ai \u00e9t\u00e9 en relations.\",\"breadcrumb\":{\"@id\":\"https:\/\/acunyon.ch\/infospratique\/liens-utiles\/#breadcrumb\"},\"inLanguage\":\"en-GB\",\"potentialAction\":[{\"@type\":\"ReadAction\",\"target\":[\"https:\/\/acunyon.ch\/infospratique\/liens-utiles\/\"]}]},{\"@type\":\"BreadcrumbList\",\"@id\":\"https:\/\/acunyon.ch\/infospratique\/liens-utiles\/#breadcrumb\",\"itemListElement\":[{\"@type\":\"ListItem\",\"position\":1,\"name\":\"Accueil\",\"item\":\"https:\/\/acunyon.ch\/\"},{\"@type\":\"ListItem\",\"position\":2,\"name\":\"INFOS PRATIQUE\",\"item\":\"https:\/\/acunyon.ch\/infospratique\/\"},{\"@type\":\"ListItem\",\"position\":3,\"name\":\"LIENS UTILES\"}]},{\"@type\":\"WebSite\",\"@id\":\"https:\/\/acunyon.ch\/#website\",\"url\":\"https:\/\/acunyon.ch\/\",\"name\":\"AcuNyon - Greg Barnhill\",\"description\":\"Acupuncteur \u00e0 Nyon. Agr\u00e9e RME, ASCA, APTN.\",\"publisher\":{\"@id\":\"https:\/\/acunyon.ch\/#organization\"},\"alternateName\":\"AcuNyon\",\"potentialAction\":[{\"@type\":\"SearchAction\",\"target\":{\"@type\":\"EntryPoint\",\"urlTemplate\":\"https:\/\/acunyon.ch\/?s={search_term_string}\"},\"query-input\":{\"@type\":\"PropertyValueSpecification\",\"valueRequired\":true,\"valueName\":\"search_term_string\"}}],\"inLanguage\":\"en-GB\"},{\"@type\":\"Organization\",\"@id\":\"https:\/\/acunyon.ch\/#organization\",\"name\":\"AcuNyon\",\"alternateName\":\"AcuNyon\",\"url\":\"https:\/\/acunyon.ch\/\",\"logo\":{\"@type\":\"ImageObject\",\"inLanguage\":\"en-GB\",\"@id\":\"https:\/\/acunyon.ch\/#\/schema\/logo\/image\/\",\"url\":\"https:\/\/acunyon.ch\/wp-content\/uploads\/2021\/12\/logo-Acunyonnom-centrer-2.svg\",\"contentUrl\":\"https:\/\/acunyon.ch\/wp-content\/uploads\/2021\/12\/logo-Acunyonnom-centrer-2.svg\",\"width\":664,\"height\":501,\"caption\":\"AcuNyon\"},\"image\":{\"@id\":\"https:\/\/acunyon.ch\/#\/schema\/logo\/image\/\"},\"sameAs\":[\"https:\/\/www.facebook.com\/acunyon\",\"https:\/\/www.instagram.com\/acunyon\/\",\"https:\/\/www.linkedin.com\/in\/acunyongregorybarnhill\/\"]}]}<\/script>\n<!-- \/ Yoast SEO plugin. -->","yoast_head_json":{"title":"LIENS UTILES - AcuNyon - Greg Barnhill","description":"Vous trouverez les diff\u00e9rentes structures ou partenaires avec lesquels je suis, ou j'ai \u00e9t\u00e9 en relations.","robots":{"index":"index","follow":"follow","max-snippet":"max-snippet:-1","max-image-preview":"max-image-preview:large","max-video-preview":"max-video-preview:-1"},"canonical":"https:\/\/acunyon.ch\/en\/infospratique\/liens-utiles\/","og_locale":"en_GB","og_type":"article","og_title":"LIENS UTILES - AcuNyon - Greg Barnhill","og_description":"Vous trouverez les diff\u00e9rentes structures ou partenaires avec lesquels je suis, ou j'ai \u00e9t\u00e9 en relations.","og_url":"https:\/\/acunyon.ch\/en\/infospratique\/liens-utiles\/","og_site_name":"AcuNyon - Greg Barnhill","article_publisher":"https:\/\/www.facebook.com\/acunyon","article_modified_time":"2024-05-12T10:08:15+00:00","twitter_card":"summary_large_image","schema":{"@context":"https:\/\/schema.org","@graph":[{"@type":"WebPage","@id":"https:\/\/acunyon.ch\/infospratique\/liens-utiles\/","url":"https:\/\/acunyon.ch\/infospratique\/liens-utiles\/","name":"LIENS UTILES - AcuNyon - Greg Barnhill","isPartOf":{"@id":"https:\/\/acunyon.ch\/#website"},"datePublished":"2020-11-29T11:15:15+00:00","dateModified":"2024-05-12T10:08:15+00:00","description":"Vous trouverez les diff\u00e9rentes structures ou partenaires avec lesquels je suis, ou j'ai \u00e9t\u00e9 en relations.","breadcrumb":{"@id":"https:\/\/acunyon.ch\/infospratique\/liens-utiles\/#breadcrumb"},"inLanguage":"en-GB","potentialAction":[{"@type":"ReadAction","target":["https:\/\/acunyon.ch\/infospratique\/liens-utiles\/"]}]},{"@type":"BreadcrumbList","@id":"https:\/\/acunyon.ch\/infospratique\/liens-utiles\/#breadcrumb","itemListElement":[{"@type":"ListItem","position":1,"name":"Accueil","item":"https:\/\/acunyon.ch\/"},{"@type":"ListItem","position":2,"name":"INFOS PRATIQUE","item":"https:\/\/acunyon.ch\/infospratique\/"},{"@type":"ListItem","position":3,"name":"LIENS UTILES"}]},{"@type":"WebSite","@id":"https:\/\/acunyon.ch\/#website","url":"https:\/\/acunyon.ch\/","name":"AcuNyon - Greg Barnhill","description":"Acupuncteur \u00e0 Nyon. Agr\u00e9e RME, ASCA, APTN.","publisher":{"@id":"https:\/\/acunyon.ch\/#organization"},"alternateName":"AcuNyon","potentialAction":[{"@type":"SearchAction","target":{"@type":"EntryPoint","urlTemplate":"https:\/\/acunyon.ch\/?s={search_term_string}"},"query-input":{"@type":"PropertyValueSpecification","valueRequired":true,"valueName":"search_term_string"}}],"inLanguage":"en-GB"},{"@type":"Organization","@id":"https:\/\/acunyon.ch\/#organization","name":"AcuNyon","alternateName":"AcuNyon","url":"https:\/\/acunyon.ch\/","logo":{"@type":"ImageObject","inLanguage":"en-GB","@id":"https:\/\/acunyon.ch\/#\/schema\/logo\/image\/","url":"https:\/\/acunyon.ch\/wp-content\/uploads\/2021\/12\/logo-Acunyonnom-centrer-2.svg","contentUrl":"https:\/\/acunyon.ch\/wp-content\/uploads\/2021\/12\/logo-Acunyonnom-centrer-2.svg","width":664,"height":501,"caption":"AcuNyon"},"image":{"@id":"https:\/\/acunyon.ch\/#\/schema\/logo\/image\/"},"sameAs":["https:\/\/www.facebook.com\/acunyon","https:\/\/www.instagram.com\/acunyon\/","https:\/\/www.linkedin.com\/in\/acunyongregorybarnhill\/"]}]}},"_links":{"self":[{"href":"https:\/\/acunyon.ch\/en\/wp-json\/wp\/v2\/pages\/29238"}],"collection":[{"href":"https:\/\/acunyon.ch\/en\/wp-json\/wp\/v2\/pages"}],"about":[{"href":"https:\/\/acunyon.ch\/en\/wp-json\/wp\/v2\/types\/page"}],"author":[{"embeddable":true,"href":"https:\/\/acunyon.ch\/en\/wp-json\/wp\/v2\/users\/1"}],"replies":[{"embeddable":true,"href":"https:\/\/acunyon.ch\/en\/wp-json\/wp\/v2\/comments?post=29238"}],"version-history":[{"count":0,"href":"https:\/\/acunyon.ch\/en\/wp-json\/wp\/v2\/pages\/29238\/revisions"}],"up":[{"embeddable":true,"href":"https:\/\/acunyon.ch\/en\/wp-json\/wp\/v2\/pages\/28880"}],"wp:attachment":[{"href":"https:\/\/acunyon.ch\/en\/wp-json\/wp\/v2\/media?parent=29238"}],"curies":[{"name":"wp","href":"https:\/\/api.w.org\/{rel}","templated":true}]}}